{"id":870,"date":"2016-10-24T09:27:44","date_gmt":"2016-10-24T07:27:44","guid":{"rendered":"http:\/\/www.xn--schtzen-bilk-flb.de\/?page_id=870"},"modified":"2019-12-16T12:29:22","modified_gmt":"2019-12-16T11:29:22","slug":"regimentskoenige-2000","status":"publish","type":"page","link":"https:\/\/www.schuetzen-bilk.de\/index.php\/regimentskoenige-2000\/","title":{"rendered":"Regimentsk\u00f6nige von 2000 &#8211;"},"content":{"rendered":"<table style=\"width: 486px;\" width=\"474\">\n<tbody>\n<tr>\n<td style=\"width: 76px;\" width=\"80\">2000<\/td>\n<td style=\"width: 112px;\" width=\"83\">Ulrich<\/td>\n<td style=\"width: 122px;\" width=\"123\">M\u00fcller<\/td>\n<td style=\"width: 176px;\" width=\"188\">1. Grenadiere<\/td>\n<\/tr>\n<tr>\n<td style=\"width: 76px;\" width=\"80\">2001<\/td>\n<td style=\"width: 112px;\" width=\"83\">Heinz<\/td>\n<td style=\"width: 122px;\" width=\"123\">Hutmacher<\/td>\n<td style=\"width: 176px;\" width=\"188\">Germania<\/td>\n<\/tr>\n<tr>\n<td style=\"width: 76px;\" width=\"80\">2002<\/td>\n<td style=\"width: 112px;\" width=\"83\">Michael<\/td>\n<td style=\"width: 122px;\" width=\"123\">Schwarz<\/td>\n<td style=\"width: 176px;\" width=\"188\">Freisch\u00fctz<\/td>\n<\/tr>\n<tr>\n<td style=\"width: 76px;\" width=\"80\">2003<\/td>\n<td style=\"width: 112px;\" width=\"83\">Marc<\/td>\n<td style=\"width: 122px;\" width=\"123\">Drebes<\/td>\n<td style=\"width: 176px;\" width=\"188\">St. Martins-Kompanie<\/td>\n<\/tr>\n<tr>\n<td style=\"width: 76px;\" width=\"80\">2004<\/td>\n<td style=\"width: 112px;\" width=\"83\">Anton<\/td>\n<td style=\"width: 122px;\" width=\"123\">Matuszczak<\/td>\n<td style=\"width: 176px;\" width=\"188\">Antonius<\/td>\n<\/tr>\n<tr>\n<td style=\"width: 76px;\" width=\"80\">2005<\/td>\n<td style=\"width: 112px;\" width=\"83\">Dieter<\/td>\n<td style=\"width: 122px;\" width=\"123\">K\u00fcpper<\/td>\n<td style=\"width: 176px;\" width=\"188\">Antonius<\/td>\n<\/tr>\n<tr>\n<td style=\"width: 76px;\" width=\"80\">2006<\/td>\n<td style=\"width: 112px;\" width=\"83\">Frank<\/td>\n<td style=\"width: 122px;\" width=\"123\">Schmitz<\/td>\n<td style=\"width: 176px;\" width=\"188\">St. Martins-Kompanie<\/td>\n<\/tr>\n<tr>\n<td style=\"width: 76px;\" width=\"80\">2007<\/td>\n<td style=\"width: 112px;\" width=\"83\">Michael<\/td>\n<td style=\"width: 122px;\" width=\"123\">v. Locquinghien<\/td>\n<td style=\"width: 176px;\" width=\"188\">Bilker Heimatfreunde<\/td>\n<\/tr>\n<tr>\n<td style=\"width: 76px;\" width=\"80\">2008<\/td>\n<td style=\"width: 112px;\" width=\"83\">Manfred<\/td>\n<td style=\"width: 122px;\" width=\"123\">Schwarz<\/td>\n<td style=\"width: 176px;\" width=\"188\">Neust\u00e4dter Reserve<\/td>\n<\/tr>\n<tr>\n<td style=\"width: 76px;\" width=\"80\">2009<\/td>\n<td style=\"width: 112px;\" width=\"83\">Rainer<\/td>\n<td style=\"width: 122px;\" width=\"123\">G\u00f6rlitz<\/td>\n<td style=\"width: 176px;\" width=\"188\">3. Grenadiere<\/td>\n<\/tr>\n<tr>\n<td style=\"width: 76px;\" width=\"80\">2010<\/td>\n<td style=\"width: 112px;\" width=\"83\">Martin<\/td>\n<td style=\"width: 122px;\" width=\"123\">Ullmann<\/td>\n<td style=\"width: 176px;\" width=\"188\">Antonius<\/td>\n<\/tr>\n<tr>\n<td style=\"width: 76px;\" width=\"80\">2011<\/td>\n<td style=\"width: 112px;\" width=\"83\">Sascha<\/td>\n<td style=\"width: 122px;\" width=\"123\">Schulz<\/td>\n<td style=\"width: 176px;\" width=\"188\">TC St. Martin<\/td>\n<\/tr>\n<tr>\n<td style=\"width: 76px;\" width=\"80\">2012<\/td>\n<td style=\"width: 112px;\" width=\"83\">Norbert<\/td>\n<td style=\"width: 122px;\" width=\"123\">Meister<\/td>\n<td style=\"width: 176px;\" width=\"188\">Tell-Kompanie<\/td>\n<\/tr>\n<tr>\n<td style=\"width: 76px;\" width=\"80\">2013<\/td>\n<td style=\"width: 112px;\" width=\"83\">Michael<\/td>\n<td style=\"width: 122px;\" width=\"123\">Baum<\/td>\n<td style=\"width: 176px;\" width=\"188\">TC St. Martin<\/td>\n<\/tr>\n<tr>\n<td style=\"width: 76px;\" width=\"80\">2014<\/td>\n<td style=\"width: 112px;\" width=\"83\">Ralf<\/td>\n<td style=\"width: 122px;\" width=\"123\">Antkowiak<\/td>\n<td style=\"width: 176px;\" width=\"188\">Germania<\/td>\n<\/tr>\n<tr>\n<td style=\"width: 76px;\" width=\"80\">2015<\/td>\n<td style=\"width: 112px;\" width=\"83\">Carsten<\/td>\n<td style=\"width: 122px;\" width=\"123\">Reuner<\/td>\n<td style=\"width: 176px;\" width=\"188\">Germania<\/td>\n<\/tr>\n<tr>\n<td style=\"width: 76px;\" width=\"80\">2016<\/td>\n<td style=\"width: 112px;\" width=\"83\">Oliver<\/td>\n<td style=\"width: 122px;\" width=\"123\">Zieba<\/td>\n<td style=\"width: 176px;\" width=\"188\">Germania<\/td>\n<\/tr>\n<tr>\n<td style=\"width: 76px;\" width=\"80\">2017<\/td>\n<td style=\"width: 112px;\" width=\"83\">Dirk<\/td>\n<td style=\"width: 122px;\" width=\"123\">Elle<\/td>\n<td style=\"width: 176px;\" width=\"188\">TC St. Martin<\/td>\n<\/tr>\n<tr>\n<td style=\"width: 76px;\" width=\"80\">2018<\/td>\n<td style=\"width: 112px;\" width=\"83\">Hans-J\u00fcrgen<\/td>\n<td style=\"width: 122px;\" width=\"123\">Henneberg<\/td>\n<td style=\"width: 176px;\" width=\"188\">TC St. Martin<\/td>\n<\/tr>\n<\/tbody>\n<\/table>\n","protected":false},"excerpt":{"rendered":"<p>2000 Ulrich M\u00fcller 1. Grenadiere 2001 Heinz Hutmacher Germania 2002 Michael Schwarz Freisch\u00fctz 2003 Marc Drebes St. Martins-Kompanie 2004 Anton Matuszczak Antonius 2005 Dieter K\u00fcpper<span class=\"more-link\"><a href=\"https:\/\/www.schuetzen-bilk.de\/index.php\/regimentskoenige-2000\/\">Mehr&#8230;<\/a><\/span><\/p>\n","protected":false},"author":1,"featured_media":0,"parent":0,"menu_order":0,"comment_status":"closed","ping_status":"closed","template":"","meta":{"footnotes":""},"class_list":["entry","author-sebastian-thoene","post-870","page","type-page","status-publish"],"_links":{"self":[{"href":"https:\/\/www.schuetzen-bilk.de\/index.php\/wp-json\/wp\/v2\/pages\/870","targetHints":{"allow":["GET"]}}],"collection":[{"href":"https:\/\/www.schuetzen-bilk.de\/index.php\/wp-json\/wp\/v2\/pages"}],"about":[{"href":"https:\/\/www.schuetzen-bilk.de\/index.php\/wp-json\/wp\/v2\/types\/page"}],"author":[{"embeddable":true,"href":"https:\/\/www.schuetzen-bilk.de\/index.php\/wp-json\/wp\/v2\/users\/1"}],"replies":[{"embeddable":true,"href":"https:\/\/www.schuetzen-bilk.de\/index.php\/wp-json\/wp\/v2\/comments?post=870"}],"version-history":[{"count":2,"href":"https:\/\/www.schuetzen-bilk.de\/index.php\/wp-json\/wp\/v2\/pages\/870\/revisions"}],"predecessor-version":[{"id":6413,"href":"https:\/\/www.schuetzen-bilk.de\/index.php\/wp-json\/wp\/v2\/pages\/870\/revisions\/6413"}],"wp:attachment":[{"href":"https:\/\/www.schuetzen-bilk.de\/index.php\/wp-json\/wp\/v2\/media?parent=870"}],"curies":[{"name":"wp","href":"https:\/\/api.w.org\/{rel}","templated":true}]}}