{"id":8306,"date":"2024-09-24T08:10:55","date_gmt":"2024-09-24T06:10:55","guid":{"rendered":"https:\/\/www.schuetzen-bilk.de\/?page_id=8306"},"modified":"2024-10-28T08:17:53","modified_gmt":"2024-10-28T07:17:53","slug":"sportschiessen","status":"publish","type":"page","link":"https:\/\/www.schuetzen-bilk.de\/index.php\/sportschiessen\/","title":{"rendered":"Sportschie\u00dfen"},"content":{"rendered":"\n<p>Der Bilker Sch\u00fctzenverein ist ein traditionsreicher Sch\u00fctzenverein in D\u00fcsseldorf-Bilk, der das Sportschie\u00dfen seit vielen Jahren mit Leidenschaft und Engagement pflegt. Die Sch\u00fctzenfamilie blickt auf eine lange Geschichte zur\u00fcck und verbindet Tradition mit modernem Sportgeist.<\/p>\n\n\n\n<p>Im Bilker Sch\u00fctzenverein steht das Sportschie\u00dfen im Mittelpunkt des Vereinslebens. Hier trainieren Sch\u00fctzen unterschiedlichen Alters und K\u00f6nnens mit dem Ziel, ihre Pr\u00e4zision und Konzentration stetig zu verbessern. Der Verein bietet eine Vielzahl von Disziplinen im Bereich des Schie\u00dfsports an, darunter Luftgewehr, Luftpistole, Kleinkaliber und weitere Disziplinen, die sowohl f\u00fcr Anf\u00e4nger als auch f\u00fcr erfahrene Sch\u00fctzen geeignet sind.<\/p>\n\n\n\n<p>Besonders hervorzuheben ist, dass der Bilker Sch\u00fctzenverein als Landesleistungsst\u00fctzpunkt f\u00fcr das Paraschie\u00dfen in Nordrhein-Westfalen fungiert. Dies bedeutet, dass hier nicht nur talentierte Sportlerinnen und Sportler, sondern auch Menschen mit Behinderung unter optimalen Bedingungen trainieren k\u00f6nnen. Als Landesleistungsst\u00fctzpunkt hat der Verein eine besondere Verantwortung und bietet spezielle Trainingsprogramme an, die auf die Bed\u00fcrfnisse von Para-Sch\u00fctzen zugeschnitten sind. Diese herausragende Position im Paraschie\u00dfen zeigt das Engagement des Vereins f\u00fcr Inklusion und den Sport f\u00fcr alle.<\/p>\n\n\n\n<p>Neben dem Training und der F\u00f6rderung von Spitzensportlern legt der Bilker Sch\u00fctzenverein gro\u00dfen Wert auf Gemeinschaft und Zusammenhalt. Regelm\u00e4\u00dfige Veranstaltungen und Sch\u00fctzenfeste tragen dazu bei, dass sich die Mitglieder \u00fcber den Sport hinaus als Teil einer lebendigen Gemeinschaft f\u00fchlen.<\/p>\n\n\n\n<p>Der Bilker Sch\u00fctzenverein steht somit f\u00fcr die perfekte Kombination aus traditionellem Sch\u00fctzenwesen und modernem, inklusivem Sportschie\u00dfen. Hier wird die Tradition des Schie\u00dfsports gepflegt und gleichzeitig die Zukunft des Sports durch die F\u00f6rderung des Paraschie\u00dfens aktiv mitgestaltet.<\/p>\n\n\n\n<hr class=\"wp-block-separator has-alpha-channel-opacity\"\/>\n\n\n\n<div class=\"wp-block-query is-layout-flow wp-block-query-is-layout-flow\"><ul class=\"columns-3 wp-block-post-template is-layout-grid wp-container-core-post-template-is-layout-2fc57c17 wp-block-post-template-is-layout-grid\"><li class=\"entry author-scarlett wp-block-post post-8499 post type-post status-publish format-standard category-allgemein category-jubilaeumspokal category-sportschiessen\">\n\n<div class=\"wp-block-group\" style=\"padding-top:30px;padding-right:30px;padding-bottom:30px;padding-left:30px\"><div class=\"wp-block-group__inner-container is-layout-flow wp-block-group-is-layout-flow\"><h2 class=\"wp-block-post-title\"><a href=\"https:\/\/www.schuetzen-bilk.de\/index.php\/2025\/12\/22\/jubilaeumspokal-2025-ein-fest-des-schiesssports-in-bilk\/\" target=\"_self\" >Jubil\u00e4umspokal 2025 \u2013 Ein Fest des Schie\u00dfsports in Bilk<\/a><\/h2>\n\n<div class=\"wp-block-post-excerpt\"><p class=\"wp-block-post-excerpt__excerpt\">Der diesj\u00e4hrige Jubil\u00e4umspokal des Sch\u00fctzenverein Bilk brachte einmal mehr die ganze Vielfalt unseres Vereinslebens zusammen. In allen Klassen \u2013 von den Sch\u00fclern bis zu denMehr&#8230; <\/p><\/div>\n\n<div class=\"wp-block-post-date\"><time datetime=\"2025-12-22T19:06:18+01:00\">22. Dezember 2025<\/time><\/div><\/div><\/div>\n\n<\/li><li class=\"entry author-scarlett wp-block-post post-8486 post type-post status-publish format-standard category-allgemein category-sportschiessen category-vereinsmeisterschaft\">\n\n<div class=\"wp-block-group\" style=\"padding-top:30px;padding-right:30px;padding-bottom:30px;padding-left:30px\"><div class=\"wp-block-group__inner-container is-layout-flow wp-block-group-is-layout-flow\"><h2 class=\"wp-block-post-title\"><a href=\"https:\/\/www.schuetzen-bilk.de\/index.php\/2025\/11\/27\/vereinsmeisterschaft-2026\/\" target=\"_self\" >Vereinsmeisterschaft 2026<\/a><\/h2>\n\n<div class=\"wp-block-post-excerpt\"><p class=\"wp-block-post-excerpt__excerpt\">Im dritten Jahr nach der Regel\u00e4nderung, die Vereinsmeisterschaft als Auflageschie\u00dfen durchzuf\u00fchren, nahmen insgesamt 35 Sch\u00fctzinnen und Sch\u00fctzen teil. Unser Wettbewerb zeigt erneut, wie tief dieMehr&#8230; <\/p><\/div>\n\n<div class=\"wp-block-post-date\"><time datetime=\"2025-11-27T12:30:02+01:00\">27. November 2025<\/time><\/div><\/div><\/div>\n\n<\/li><li class=\"entry author-scarlett wp-block-post post-8480 post type-post status-publish format-standard category-sportschiessen\">\n\n<div class=\"wp-block-group\" style=\"padding-top:30px;padding-right:30px;padding-bottom:30px;padding-left:30px\"><div class=\"wp-block-group__inner-container is-layout-flow wp-block-group-is-layout-flow\"><h2 class=\"wp-block-post-title\"><a href=\"https:\/\/www.schuetzen-bilk.de\/index.php\/2025\/11\/10\/bilker-sportschuetzen-erfolgreich-bei-der-deutschen-meisterschaft-2025-deutscher-meistertitel-fuer-joachim-poettcke\/\" target=\"_self\" >Bilker Sportsch\u00fctzen erfolgreich bei der Deutschen Meisterschaft 2025 \u2013 Deutscher Meistertitel f\u00fcr Joachim P\u00f6ttcke<\/a><\/h2>\n\n<div class=\"wp-block-post-excerpt\"><p class=\"wp-block-post-excerpt__excerpt\">Die Deutsche Meisterschaft 2025 im Luftgewehr-Auflage in Dortmund war f\u00fcr die Sportsch\u00fctzen des St. Sebastianus Sch\u00fctzenvereins D\u00fcsseldorf-Bilk ein sportlicher H\u00f6hepunkt. Mit starken Leistungen in mehrerenMehr&#8230; <\/p><\/div>\n\n<div class=\"wp-block-post-date\"><time datetime=\"2025-11-10T20:51:09+01:00\">10. November 2025<\/time><\/div><\/div><\/div>\n\n<\/li><li class=\"entry author-scarlett wp-block-post post-8422 post type-post status-publish format-standard category-karl-rindlaub-kette category-sportschiessen\">\n\n<div class=\"wp-block-group\" style=\"padding-top:30px;padding-right:30px;padding-bottom:30px;padding-left:30px\"><div class=\"wp-block-group__inner-container is-layout-flow wp-block-group-is-layout-flow\"><h2 class=\"wp-block-post-title\"><a href=\"https:\/\/www.schuetzen-bilk.de\/index.php\/2025\/05\/22\/ergebnisse-des-schiesswettkampfs-um-die-karl-rindlaub-kette-2025\/\" target=\"_self\" >Ergebnisse des Schie\u00dfwettkampfs um die Karl-Rindlaub-Kette 2025<\/a><\/h2>\n\n<div class=\"wp-block-post-excerpt\"><p class=\"wp-block-post-excerpt__excerpt\">Auch in diesem Jahr fand der traditionelle Wettkampf um die&nbsp;Karl-Rindlaub-Kette&nbsp;unter reger Beteiligung der Bilker Sch\u00fctzen statt. Zahlreiche Sch\u00fctzinnen und Sch\u00fctzen traten in verschiedenen Alters- undMehr&#8230; <\/p><\/div>\n\n<div class=\"wp-block-post-date\"><time datetime=\"2025-05-22T16:54:32+02:00\">22. Mai 2025<\/time><\/div><\/div><\/div>\n\n<\/li><li class=\"entry author-scarlett wp-block-post post-8383 post type-post status-publish format-standard category-jubilaeumspokal category-sportschiessen\">\n\n<div class=\"wp-block-group\" style=\"padding-top:30px;padding-right:30px;padding-bottom:30px;padding-left:30px\"><div class=\"wp-block-group__inner-container is-layout-flow wp-block-group-is-layout-flow\"><h2 class=\"wp-block-post-title\"><a href=\"https:\/\/www.schuetzen-bilk.de\/index.php\/2024\/11\/30\/jubilaeumspokal-2024\/\" target=\"_self\" >Jubil\u00e4umspokal 2024<\/a><\/h2>\n\n<div class=\"wp-block-post-excerpt\"><p class=\"wp-block-post-excerpt__excerpt\">Beim diesj\u00e4hrigen Schie\u00dfen um den Jubil\u00e4umspokal nahmen 56 Teilnehmer\/innen teil.Den Mannschaftstitel gewann die 1. Grenadier-Kompanie mit sehr starken 489 Ringen. Die 1. Grenadier gewann damitMehr&#8230; <\/p><\/div>\n\n<div class=\"wp-block-post-date\"><time datetime=\"2024-11-30T11:17:03+01:00\">30. November 2024<\/time><\/div><\/div><\/div>\n\n<\/li><li class=\"entry author-scarlett wp-block-post post-8354 post type-post status-publish format-standard has-post-thumbnail category-parasport category-sportschiessen category-zosamme\">\n\n<div class=\"wp-block-group\" style=\"padding-top:30px;padding-right:30px;padding-bottom:30px;padding-left:30px\"><div class=\"wp-block-group__inner-container is-layout-flow wp-block-group-is-layout-flow\"><h2 class=\"wp-block-post-title\"><a href=\"https:\/\/www.schuetzen-bilk.de\/index.php\/2024\/10\/28\/die-blindenschiesssportgruppe-hat-ihr-koenigspaar-zum-25-jaehrigen-jubilaeum-gefunden\/\" target=\"_self\" >Die Blindenschie\u00dfsportgruppe hat ihr K\u00f6nigspaar zum 25. -j\u00e4hrigen Jubil\u00e4um gefunden<\/a><\/h2>\n\n<div class=\"wp-block-post-excerpt\"><p class=\"wp-block-post-excerpt__excerpt\">Wie jeden 2. Donnerstag im Monat traf sich die Blindenschie\u00dfsportgruppe im Oktober in der \u201eGoldenen M\u00f6sch\u201c.&nbsp; Es sollte ein besonderes Schie\u00dfen werden, denn es mussteMehr&#8230; <\/p><\/div>\n\n<div class=\"wp-block-post-date\"><time datetime=\"2024-10-28T08:07:56+01:00\">28. Oktober 2024<\/time><\/div><\/div><\/div>\n\n<\/li><\/ul><\/div>\n","protected":false},"excerpt":{"rendered":"<p>Der Bilker Sch\u00fctzenverein ist ein traditionsreicher Sch\u00fctzenverein in D\u00fcsseldorf-Bilk, der das Sportschie\u00dfen seit vielen Jahren mit Leidenschaft und Engagement pflegt. Die Sch\u00fctzenfamilie blickt auf eine<span class=\"more-link\"><a href=\"https:\/\/www.schuetzen-bilk.de\/index.php\/sportschiessen\/\">Mehr&#8230;<\/a><\/span><\/p>\n","protected":false},"author":6,"featured_media":0,"parent":0,"menu_order":0,"comment_status":"closed","ping_status":"closed","template":"","meta":{"footnotes":""},"class_list":["entry","author-scarlett","post-8306","page","type-page","status-publish"],"_links":{"self":[{"href":"https:\/\/www.schuetzen-bilk.de\/index.php\/wp-json\/wp\/v2\/pages\/8306","targetHints":{"allow":["GET"]}}],"collection":[{"href":"https:\/\/www.schuetzen-bilk.de\/index.php\/wp-json\/wp\/v2\/pages"}],"about":[{"href":"https:\/\/www.schuetzen-bilk.de\/index.php\/wp-json\/wp\/v2\/types\/page"}],"author":[{"embeddable":true,"href":"https:\/\/www.schuetzen-bilk.de\/index.php\/wp-json\/wp\/v2\/users\/6"}],"replies":[{"embeddable":true,"href":"https:\/\/www.schuetzen-bilk.de\/index.php\/wp-json\/wp\/v2\/comments?post=8306"}],"version-history":[{"count":13,"href":"https:\/\/www.schuetzen-bilk.de\/index.php\/wp-json\/wp\/v2\/pages\/8306\/revisions"}],"predecessor-version":[{"id":8360,"href":"https:\/\/www.schuetzen-bilk.de\/index.php\/wp-json\/wp\/v2\/pages\/8306\/revisions\/8360"}],"wp:attachment":[{"href":"https:\/\/www.schuetzen-bilk.de\/index.php\/wp-json\/wp\/v2\/media?parent=8306"}],"curies":[{"name":"wp","href":"https:\/\/api.w.org\/{rel}","templated":true}]}}