{"id":815,"date":"2016-10-21T21:56:26","date_gmt":"2016-10-21T19:56:26","guid":{"rendered":"http:\/\/www.xn--schtzen-bilk-flb.de\/?page_id=815"},"modified":"2016-10-21T21:56:26","modified_gmt":"2016-10-21T19:56:26","slug":"preistraeger-2016-pater-wolfgang","status":"publish","type":"page","link":"https:\/\/www.schuetzen-bilk.de\/index.php\/preistraeger-2016-pater-wolfgang\/","title":{"rendered":"Preistr\u00e4ger 2016 Pater Wolfgang"},"content":{"rendered":"<p><img loading=\"lazy\" decoding=\"async\" class=\"uk-thumbnail-large\" src=\"http:\/\/schuetzen-bilk.de\/media\/k2\/items\/cache\/d684a5f1d6d18e9647b504aaaaf15048_XL.jpg\" alt=\"Pater Wolfgang\" width=\"512\" height=\"356\" \/><u> <\/u><\/p>\n<div class=\"uk-overlay-area\"><\/div>\n<div class=\"clr\">\u00a0<!-- Item fulltext -->Preistr\u00e4ger der Jakob-Faasen-Plakette wird in diesem Jahr Wolfgang Sieffert, den D\u00fcsseldorfern\u00a0 besser als Pater Wolfgang bekannt.<\/div>\n<div class=\"itemFullText\">\n<p>Der Dominikaner-Pater erh\u00e4lt die gemeinsame Auszeichnung der Bilker Sch\u00fctzen und der Kreissparkasse D\u00fcsseldorf &#8211; \u00fcbrigens eine der begehrtesten Auszeichnungen des Sommerbrauchtums &#8211; am 24. September im Rahmen eines Festaktes der Bilker Sch\u00fctzen.<\/p>\n<p>Ausgezeichnet wird er f\u00fcr sein \u201agro\u00dfes Herz\u2018 f\u00fcr die Menschen am Rande der Gesellschaft.<\/p>\n<p>Die Jakob-Faasen-Plakette wird allj\u00e4hrlich gemeinschaftlich vom Traditionsverein \u201eSt. Sebastianus Sch\u00fctzenverein D\u00fcsseldorf-Bilk von 1475\u201c (Bilker Sch\u00fctzen) und der Kreissparkasse D\u00fcsseldorf verliehen. Ausgezeichnet werden Personen, die sich in besonderem Ma\u00dfe f\u00fcr gesellschaftliche Belange in D\u00fcsseldorf und der Region eingesetzt haben: Marlies Smeets, Jacques Tilly, Heinrich Spohr, Thomas Beckmann, Helmut Rattenhuber und Peter Justenhoven.<\/p>\n<p>Pater Wolfgang, der designierte Preistr\u00e4ger, wird f\u00fcr sein gro\u00dfes Herz f\u00fcr die Menschen am Rande der Gesellschaft ausgezeichnet. \u201ePater Wolfgang ist Gottesmann, Gef\u00e4ngnisseelsorger, Initiator der Armenk\u00fcche, Herausgeber des Magazins \u201aUlmer Echo\u2018, aber vor allem ein Mensch f\u00fcr Menschen, die ihn brauchen\u201c, begr\u00fcndet Johann-Peter Ingenhoven, Mitglied im Vorstand der Kreissparkasse D\u00fcsseldorf, die diesj\u00e4hrige Preistr\u00e4gerwahl.<\/p>\n<p>Im vergangenen Jahr feierte der Dominikaner-Pater gleich dreimal ein silbernes Jubil\u00e4um: 25 Jahre D\u00fcsseldorf, 25 Jahre Gef\u00e4ngnisseelsorge und 25 Jahre Priester. Ein Beruf? Eher eine Berufung. Eigentlich sollte es in Richtung Naturwissenschaften gehen, aber schnell stellte er fest, dass nicht Reagenzgl\u00e4ser, sondern die Menschen den Mittelpunkt seines Lebens darstellen sollten.<\/p>\n<p>1978 trat Wolfgang Sieffert in den Dominikanerorden ein und studierte in Fribourg\/Schweiz und in Bonn Philosophie und Theologie. Die folgenden Jahre war er viel unterwegs, seit seiner Priesterweihe 1990 ist D\u00fcsseldorf sein Lebensmittelpunkt. Ausgleich f\u00fcr seine Alltagst\u00e4tigkeit ist der Sport: Radfahren, Tauchen und Ringen.<\/p>\n<p>\u201eIch will nicht einfach aufgeben, ohne f\u00fcr eine Sache gek\u00e4mpft zu haben\u201c, meint Pater Wolfgang. Schon als Kind trat Pater Wolfgang in den TuS Gerresheim ein, da ihm ein Freund seines Vaters den entscheidenden Rat gab: Ringen &#8211; ein Sport, bei dem man Taktik, Psychologie und Standfestigkeit braucht. Alles Eigenschaften, die ihm bei der Durchsetzung und der Realisierung seiner Ideen, um die er h\u00e4ufig ringen musste, zu Gute kommen: Waren vor einiger Zeit in D\u00fcsseldorf eine Armenk\u00fcche in der Altstadt, eine W\u00e4rmestube oder eine medizinische Versorgung f\u00fcr Obdachlose noch undenkbar, sind diese stark frequentierten Einrichtungen aus dem heutigen D\u00fcsseldorf nicht mehr wegzudenken.<\/p>\n<p>Ein gro\u00dfer Verdienst Pater Wolfgangs.<\/p>\n<p>G\u00e4ste der Nominierung waren neben einigen Preistr\u00e4gern der Vorjahre wie Peter Justenhoven und\u00a0 Helmut Rattenhuber die Repr\u00e4sentanten der gr\u00f6\u00dften D\u00fcsseldorfer Brauchtums-Vereinigungen Wolfgang Rolshoven (Baas D\u00fcsseldorfer Jonges), Rolf Lenz (Baas Alde D\u00fcsseldorfer) und Britta Damm ( 1.\u00a0 Vorsitzende Interessensgemeinschaft D\u00fcsseldorfer Sch\u00fctzen \/ IGDS).<\/p>\n<p>Verliehen wird die Jakob-Faasen-Plakette im Rahmen eines Festakts zu Ehren ihres K\u00f6nigs bei den Bilker Sch\u00fctzen am 24. September 2016.<\/p>\n<\/div>\n","protected":false},"excerpt":{"rendered":"<p>\u00a0Preistr\u00e4ger der Jakob-Faasen-Plakette wird in diesem Jahr Wolfgang Sieffert, den D\u00fcsseldorfern\u00a0 besser als Pater Wolfgang bekannt. Der Dominikaner-Pater erh\u00e4lt die gemeinsame Auszeichnung der Bilker Sch\u00fctzen<span class=\"more-link\"><a href=\"https:\/\/www.schuetzen-bilk.de\/index.php\/preistraeger-2016-pater-wolfgang\/\">Mehr&#8230;<\/a><\/span><\/p>\n","protected":false},"author":1,"featured_media":0,"parent":0,"menu_order":0,"comment_status":"closed","ping_status":"closed","template":"","meta":{"footnotes":""},"class_list":["entry","author-sebastian-thoene","post-815","page","type-page","status-publish"],"_links":{"self":[{"href":"https:\/\/www.schuetzen-bilk.de\/index.php\/wp-json\/wp\/v2\/pages\/815","targetHints":{"allow":["GET"]}}],"collection":[{"href":"https:\/\/www.schuetzen-bilk.de\/index.php\/wp-json\/wp\/v2\/pages"}],"about":[{"href":"https:\/\/www.schuetzen-bilk.de\/index.php\/wp-json\/wp\/v2\/types\/page"}],"author":[{"embeddable":true,"href":"https:\/\/www.schuetzen-bilk.de\/index.php\/wp-json\/wp\/v2\/users\/1"}],"replies":[{"embeddable":true,"href":"https:\/\/www.schuetzen-bilk.de\/index.php\/wp-json\/wp\/v2\/comments?post=815"}],"version-history":[{"count":0,"href":"https:\/\/www.schuetzen-bilk.de\/index.php\/wp-json\/wp\/v2\/pages\/815\/revisions"}],"wp:attachment":[{"href":"https:\/\/www.schuetzen-bilk.de\/index.php\/wp-json\/wp\/v2\/media?parent=815"}],"curies":[{"name":"wp","href":"https:\/\/api.w.org\/{rel}","templated":true}]}}