{"id":808,"date":"2016-10-21T21:51:28","date_gmt":"2016-10-21T19:51:28","guid":{"rendered":"http:\/\/www.xn--schtzen-bilk-flb.de\/?page_id=808"},"modified":"2016-10-21T21:51:28","modified_gmt":"2016-10-21T19:51:28","slug":"preistraeger-2014-heinrich-spohr","status":"publish","type":"page","link":"https:\/\/www.schuetzen-bilk.de\/index.php\/preistraeger-2014-heinrich-spohr\/","title":{"rendered":"Preistr\u00e4ger 2014 Heinrich Spohr"},"content":{"rendered":"<p><img decoding=\"async\" class=\"uk-thumbnail-large\" src=\"http:\/\/schuetzen-bilk.de\/media\/k2\/items\/cache\/5c856eb25b3e1fc73f244a7686864411_XL.jpg\" alt=\"Heinrich Spohr\" \/><u> <\/u><\/p>\n<div class=\"uk-overlay-area\">Am 25. August 2014 fand in den R\u00e4umen der Kreissparkasse D\u00fcsseldorf die Pressekonferenz anl\u00e4sslich der Pr\u00e4sentation des Tr\u00e4gers 2014 der Jakob Phasenplakette 2014 statt.<\/div>\n<div class=\"itemFullText\">\n<p>Vorstandsmitglied der KSK D\u00fcsseldorf, Johann Peter Ingenhoven, betonte das die Wahl des Preistr\u00e4gers ganz bewusst getroffen wurde. So soll wieder aufleben, was Jakob Faasen seinerzeit begonnen hat: ein ehrenamtliches arbeiten um Werte und Nachhaltigkeit unterst\u00fctzend f\u00fcr die Gesellschaft einzusetzen.<\/p>\n<p>\u201eWas w\u00e4re die Gesellschaft ohne Ehrenamt, ohne Werte\u201c, fragte Ingenhoven und verwies auf Prognosen der Zukunftsforscher, die eine Renaissance von Werten, immateriellen Denken und Wertigkeiten sowie die Zunahme pers\u00f6nlicher Bindungen prophezeien.<\/p>\n<p>Somit soll diese Plakette auch ein Beitrag dazu sein, das Werte und Einsatz f\u00fcr das Allgemeinwohl nicht in Vergessenheit geraten.<\/p>\n<p><strong>Jakob-Faasen-Plakette f\u00fcr Heinrich Spohr<\/strong><\/p>\n<p>Heinrich Spohr ist der diesj\u00e4hrige Preistr\u00e4ger der Jakob-Faasen-Plakette. Ausgezeichnet wird der D\u00fcsseldorfer f\u00fcr seinen Einsatz um den Erhalt des rheinischen Brauchtums und der heimischen Mundart sowie der Pflege des D\u00fcsseldorfer Stadtbildes.<\/p>\n<p>Die Jakob-Faasen-Plakette wird allj\u00e4hrlich gemeinschaftlich vom Traditionsverein \u201eSt. Sebastianus Sch\u00fctzenverein D\u00fcsseldorf-Bilk von 1475\u201c (Bilker Sch\u00fctzen) und der Kreissparkasse D\u00fcsseldorf verliehen.<\/p>\n<p>Ausgezeichnet werden Personen, die sich in besonderem Ma\u00dfe f\u00fcr gesellschaftliche Belange in D\u00fcsseldorf und der Region eingesetzt haben. Einerseits kann dies ein besonders caritativer Einsatz wie beim Vorjahrespreistr\u00e4ger Thomas Beckmann (\u201aGemeinsam gegen K\u00e4lte\u2018), andererseits aber auch ein herausragendes Engagement f\u00fcr das Brauchtum sein \u2013 wie beim diesj\u00e4hrigen Preistr\u00e4ger Heinrich Spohr. \u201eDie rheinischen Dialekte werden verschwinden\u201c titelte die Rheinische Post im Juli d. J.. Heinrich Spohr setzt sich seit vielen Jahren f\u00fcr den Erhalt des \u201aD\u00fcsseldorfer Rheinischen\u2018, also des \u201aD\u00fcsseldorfer Platt\u2018 ein, unter anderem verfasste er das \u201aW\u00f6rterbuch der D\u00fcsseldorfer Mundart\u2018. Sein dar\u00fcber hinaus gro\u00dfer Einsatz f\u00fcr den Erhalt der heimischen geografischen und geschichtlichen Kultur (u. a. war er langj\u00e4hriger Baas der \u201aAlde D\u00fcsseldorfer 1920 e.V.\u2018) sowie die Pflege vieler D\u00fcsseldorfer Traditionen (z. B. Radschl\u00e4ger-Wettbewerb) waren f\u00fcr die Jury Gr\u00fcnde genug zur Nominierung als Preistr\u00e4ger.<\/p>\n<p>\u201eHeinrich Spohr hat es sich zur Aufgabe gemacht, Traditionen wie unser liebenswertes D\u00fcsseldorfer Platt zu erhalten\u201c, begr\u00fcndet Sch\u00fctzenchef Hans-Dieter Caspers. \u201eInsofern passt der diesj\u00e4hrige Preistr\u00e4ger f\u00fcr die Jakob-Faasen-Plakette hervorragend zu einem Traditionsverein wie den Bilker Sch\u00fctzen.\u201c<\/p>\n<p>Johann-Peter Ingenhoven, Vorstandsmitglied der Kreissparkasse D\u00fcsseldorf: \u201eDen Menschen ihre kulturellen Wurzeln und Werte wiederzugeben \u2013 das ist es, was Heinrich Spohr in vielf\u00e4ltigster Weise tut. Er verbindet Menschen, schafft Freude und k\u00fcmmert sich liebevoll um das Wohl dieser Stadt und der Menschen, die hier leben.\u201c<\/p>\n<p>G\u00e4ste der Nominierung waren neben den Vorjahres-Preistr\u00e4gern, Peter Justenhoven, Helmut Rattenhuber und Thomas Beckmann die Repr\u00e4sentanten der gr\u00f6\u00dften D\u00fcsseldorfer Brauchtums-<\/p>\n<p>Vereinigungen: D\u00fcsseldorfer Jonges, Interessensgemeinschaft, D\u00fcsseldorfer Sch\u00fctzen \/ IGDS, Bilker Heimatfreunde, Alde D\u00fcsseldorfer.<\/p>\n<p>Verliehen wird die Jakob-Faasen-Plakette im Rahmen des Kr\u00f6nungsballs der Bilker Sch\u00fctzen am 27. September 2014<\/p>\n<\/div>\n","protected":false},"excerpt":{"rendered":"<p>Am 25. August 2014 fand in den R\u00e4umen der Kreissparkasse D\u00fcsseldorf die Pressekonferenz anl\u00e4sslich der Pr\u00e4sentation des Tr\u00e4gers 2014 der Jakob Phasenplakette 2014 statt. Vorstandsmitglied<span class=\"more-link\"><a href=\"https:\/\/www.schuetzen-bilk.de\/index.php\/preistraeger-2014-heinrich-spohr\/\">Mehr&#8230;<\/a><\/span><\/p>\n","protected":false},"author":1,"featured_media":0,"parent":0,"menu_order":0,"comment_status":"closed","ping_status":"closed","template":"","meta":{"footnotes":""},"class_list":["entry","author-sebastian-thoene","post-808","page","type-page","status-publish"],"_links":{"self":[{"href":"https:\/\/www.schuetzen-bilk.de\/index.php\/wp-json\/wp\/v2\/pages\/808","targetHints":{"allow":["GET"]}}],"collection":[{"href":"https:\/\/www.schuetzen-bilk.de\/index.php\/wp-json\/wp\/v2\/pages"}],"about":[{"href":"https:\/\/www.schuetzen-bilk.de\/index.php\/wp-json\/wp\/v2\/types\/page"}],"author":[{"embeddable":true,"href":"https:\/\/www.schuetzen-bilk.de\/index.php\/wp-json\/wp\/v2\/users\/1"}],"replies":[{"embeddable":true,"href":"https:\/\/www.schuetzen-bilk.de\/index.php\/wp-json\/wp\/v2\/comments?post=808"}],"version-history":[{"count":0,"href":"https:\/\/www.schuetzen-bilk.de\/index.php\/wp-json\/wp\/v2\/pages\/808\/revisions"}],"wp:attachment":[{"href":"https:\/\/www.schuetzen-bilk.de\/index.php\/wp-json\/wp\/v2\/media?parent=808"}],"curies":[{"name":"wp","href":"https:\/\/api.w.org\/{rel}","templated":true}]}}