{"id":804,"date":"2016-10-21T21:48:42","date_gmt":"2016-10-21T19:48:42","guid":{"rendered":"http:\/\/www.xn--schtzen-bilk-flb.de\/?page_id=804"},"modified":"2016-10-21T21:48:42","modified_gmt":"2016-10-21T19:48:42","slug":"preistraeger-2013-thomas-beckmann","status":"publish","type":"page","link":"https:\/\/www.schuetzen-bilk.de\/index.php\/preistraeger-2013-thomas-beckmann\/","title":{"rendered":"Preistr\u00e4ger 2013 Thomas Beckmann"},"content":{"rendered":"<p><img decoding=\"async\" class=\"uk-thumbnail-large\" src=\"http:\/\/schuetzen-bilk.de\/media\/k2\/items\/cache\/da8a96cfc8ca1dd33bc42677c8b9c7c6_XL.jpg\" alt=\"Thomas Beckmann\" \/><u> <\/u><\/p>\n<div class=\"uk-overlay-area\"><\/div>\n<div class=\"clr\"><\/div>\n<p><!-- Item fulltext --><\/p>\n<div class=\"itemFullText\">\n<p>In den R\u00e4umen der Kreissparkasse D\u00fcsseldorf fand im Rahmen einer Pressekonferenz die Vorstellung des Preistr\u00e4gers der Jakob Faasen Medaille\u00a0 statt. Preistr\u00e4ger dieser hohen Auszeichnung f\u00fcr soziales Engagement ist 2013 der weltbekannte Cellist Thomas Beckmann\u00a0 (*18. April 1957) Sozial gepr\u00e4gt hat ihn schon das christlich orientierte Elternhaus.\u00a0 Im M\u00fcnsterland war sein Vater dem\u00a0 Widerstand gegen das Naziregime unter Kardinal Graf von Galen zugeh\u00f6rig. So war die Familie der\u00a0 katholischen Kirche verbunden und lebte die entsprechenden Werte.<\/p>\n<p>Beckmann erz\u00e4hlt von einem Spaziergang mit seinem Vater.\u00a0 Er war f\u00fcnf Jahre alt, als sie gemeinsam in der Altstadt an einem, am Stra\u00dfenrand sitzenden,\u00a0 Bettler vorbei kamen. \u201ePapa,\u00a0 was ist das f\u00fcr ein Mensch?\u201c\u00a0 fragte er.\u00a0 \u201eEin armer Mensch!\u201c\u00a0 antwortete sein Vater der dem bettelnden 50 Pfennig\u00a0 in den Hut warf. Einen Dialog entspann sich: \u201e ..und wer k\u00fcmmert sich um diesen armen Menschen?\u201c\u00a0 \u201eDer Staat.\u201c\u00a0\u00a0 \u201ePapa, wer ist der Staat?\u00a0 \u201eWir alle, jeder einzelne von uns ist der Staat!\u201c\u00a0 Eine Antwort, die sich bis heute eingepr\u00e4gt hat, und im kalten Winter des Jahres 1993 vehement in Beckmanns Bewusstsein gerufen wurde.<\/p>\n<p>Zwei\u00a0 obdachlose Menschen waren in D\u00fcsseldorf erfroren.\u00a0 Nicht irgendwo im Wald oder am Stadtrand,\u00a0 mitten in der Stadt! Mitten unter uns,\u00a0 w\u00e4hrend wenige Meter weiter Mitmenschen Austern schl\u00fcrften\u00a0 und fr\u00f6hlich zechten.\u00a0 Das \u201e Wir\u201c hatte versagt.<\/p>\n<p>\u201eUnd es versagt immer \u00f6fter!\u201c\u00a0 meint Johann-Peter Ingenhofen,\u00a0 Vorstandsmitglied der Kreissparkasse D\u00fcsseldorf, der diese Entwicklung bem\u00e4ngelt.\u00a0 \u201eEs ist wichtig,\u00a0 die\u00a0\u00a0 christlich sozialen Werte zu erhalten\u201c\u00a0 sagt er \u201eNur mit einem Miteinander, mit Hilfsbereitschaft, Verst\u00e4ndnis und Barmherzigkeit wird eine Gesellschaft auf Dauer gut funktionieren k\u00f6nnen. Erst wenn wir das einmal alles abgeschafft haben sollten,\u00a0 und wir sind auf gutem Wege dahin,\u00a0 werden wir merken, was wir verloren haben!\u201c\u00a0 betont Ingenhoven. Die, unter seiner Mitwirkung entstandene Jakob Faasen\u00a0 Medaille, wird an Menschen verliehen, die sich in ganz besonderer Weise dem Allgemeinwohl zutr\u00e4glich bet\u00e4tigten. Damit will man dieses Handeln als vorbildlich hervorheben, w\u00fcrdigen aber auch Ansporn geben,\u00a0 sagt Hans-Dieter Caspers, erster Chef der Bilker Sch\u00fctzen. Auf deren Kr\u00f6nungsball am 28. September 2013 wird die eigentliche Ehrung erfolgen.<\/p>\n<p>Jakob Faasen gab dieser Auszeichnung den Namen. Er\u00a0 war viele Jahre lang selber Vorstandsmitglied der Kreissparkasse, aber auch Sch\u00fctzenchef in Bilk.\u00a0 Sein Wirken im Sinne einer Nachhaltigkeit ist bis heute legend\u00e4r.\u00a0 Nicht nur das:\u00a0 die 15.000 k\u00f6pfige Sch\u00fctzen Familie in D\u00fcsseldorf ist eine Wertegemeinschaft,\u00a0 die sich\u00a0 dem Werterhalt und sozialen Miteinander verschrieben hat und keine Feiergemeinschaft , wie irrt\u00fcmlich so oft angenommen.\u00a0 Deshalb wird dieser Kr\u00f6nungsball im Gala Festzelt der richtige und w\u00fcrdige Rahmen f\u00fcr diese Verleihung sein.<\/p>\n<p>Zur\u00fcck zur Pressekonferenz:\u00a0 der Tod dieser zwei Menschen inmitten der Gesellschaft entsetzte Beckmann.\u00a0 Problemlos h\u00e4tte sich jeder\u00a0 der vielen tausend Passanten k\u00fcmmern oder zum Telefon greifen k\u00f6nnen\u2026. Noch in der gleichen Woche ruft er eine Spendenaktion ins Leben, um das Problem in seiner Heimatstadt D\u00fcsseldorf grunds\u00e4tzlich an zu gehen. Innerhalb von zwei Wochen werden 30.000 DM gesammelt, die den Obdachlosen ohne jeden Abzug zugute kommen. 1996 dehnt Thomas Beckmann das Projekt auf Bundesebene aus. Bis 1999 schlie\u00dfen sich 32 deutsche St\u00e4dte, darunter alle Gro\u00dfst\u00e4dte \u00fcber 500.000 Einwohner, dem Gemeinsam-Gegen-K\u00e4lte-Projekt an.<\/p>\n<p>Wir leben in einem der reichsten\u00a0 L\u00e4nder dieser Erde und jammern. Jeder ist sich irgendwo selbst der N\u00e4chste,\u00a0 den Blick und die Kommunikation zum Mitmenschen haben wir vielfach verloren.\u00a0 Wir meinen den Anderen nicht zu brauchen und sind dann entsetzt , wenn am hellichten Tag Verbrechen geschehen und keiner hinschaut, Menschen auf der Stra\u00dfe erfrieren oder \u00fcber Tage und Wochen tot in der Wohnung liegen und keiner es merkt. Wir nehmen kaum Notiz mehr von der Krankheit, Sorgen und Not\u00a0 des Anderen. \u00a0 Ingenhoven weiter: \u201eErst in Zeiten gro\u00dfer Not r\u00fccken die Menschen wieder zusammen! Gottlob gibt es auch noch Einige die anders denken und so soll diese Gemeinschaft aus Kreissparkasse, Sch\u00fctzen und engagierten Menschen eine Plattform sein um unsere ethisch sozialen Werte f\u00fcr die Zukunft zu bewahren und hochzuhalten.\u201c<\/p>\n<p>Gemeinsam gegen die K\u00e4lte \u2026.. so wird der\u00a0 Name dieser\u00a0 Initiative des Preistr\u00e4gers gleichzeitig zu einem gemeinsamen\u00a0 Ziel.<\/p>\n<\/div>\n","protected":false},"excerpt":{"rendered":"<p>In den R\u00e4umen der Kreissparkasse D\u00fcsseldorf fand im Rahmen einer Pressekonferenz die Vorstellung des Preistr\u00e4gers der Jakob Faasen Medaille\u00a0 statt. Preistr\u00e4ger dieser hohen Auszeichnung f\u00fcr<span class=\"more-link\"><a href=\"https:\/\/www.schuetzen-bilk.de\/index.php\/preistraeger-2013-thomas-beckmann\/\">Mehr&#8230;<\/a><\/span><\/p>\n","protected":false},"author":1,"featured_media":0,"parent":0,"menu_order":0,"comment_status":"closed","ping_status":"closed","template":"","meta":{"footnotes":""},"class_list":["entry","author-sebastian-thoene","post-804","page","type-page","status-publish"],"_links":{"self":[{"href":"https:\/\/www.schuetzen-bilk.de\/index.php\/wp-json\/wp\/v2\/pages\/804","targetHints":{"allow":["GET"]}}],"collection":[{"href":"https:\/\/www.schuetzen-bilk.de\/index.php\/wp-json\/wp\/v2\/pages"}],"about":[{"href":"https:\/\/www.schuetzen-bilk.de\/index.php\/wp-json\/wp\/v2\/types\/page"}],"author":[{"embeddable":true,"href":"https:\/\/www.schuetzen-bilk.de\/index.php\/wp-json\/wp\/v2\/users\/1"}],"replies":[{"embeddable":true,"href":"https:\/\/www.schuetzen-bilk.de\/index.php\/wp-json\/wp\/v2\/comments?post=804"}],"version-history":[{"count":0,"href":"https:\/\/www.schuetzen-bilk.de\/index.php\/wp-json\/wp\/v2\/pages\/804\/revisions"}],"wp:attachment":[{"href":"https:\/\/www.schuetzen-bilk.de\/index.php\/wp-json\/wp\/v2\/media?parent=804"}],"curies":[{"name":"wp","href":"https:\/\/api.w.org\/{rel}","templated":true}]}}