{"id":787,"date":"2016-10-21T21:36:15","date_gmt":"2016-10-21T19:36:15","guid":{"rendered":"http:\/\/www.xn--schtzen-bilk-flb.de\/?page_id=787"},"modified":"2016-10-21T21:36:15","modified_gmt":"2016-10-21T19:36:15","slug":"helmut-rattenhuber","status":"publish","type":"page","link":"https:\/\/www.schuetzen-bilk.de\/index.php\/helmut-rattenhuber\/","title":{"rendered":"Preistr\u00e4ger 2011 Helmut Rattenhuber"},"content":{"rendered":"<p><img decoding=\"async\" class=\"uk-thumbnail-large\" src=\"http:\/\/schuetzen-bilk.de\/media\/k2\/items\/cache\/ce7646a74c54cecf1c05442c71f02147_XL.jpg\" alt=\"Helmut Rattenhuber\" \/><u> <\/u><\/p>\n<p>&nbsp;<\/p>\n<div class=\"uk-overlay-area\">\u00a0ein echter &#8222;Bilker Jong&#8220;<\/div>\n<div class=\"clr\"><\/div>\n<p><!-- Item fulltext --><\/p>\n<div class=\"itemFullText\"><\/div>\n<div align=\"justify\">\n<p>Am 4. Juli 1946 erblickte der diesj\u00e4hrige Preistr\u00e4ger der Jakob-Faasen-Plakette das Licht der Welt. 1974 wurde geheiratet, zwei Kinder und inzwischen ein Enkelsohn folgten. Nach eigener Auskunft ist der Enkelsohn das ganz gro\u00dfe Hobby des Ehepaares Helmut und Angelica Rattenhuber.<\/p>\n<p>Der Preistr\u00e4ger ist ein echter \u201eBilker Jong\u201c, er hat viel Gutes, gerade im Miteinander, nicht nur f\u00fcr \u201eseinen Stadtteil\u201c, sondern dar\u00fcber hinaus auch f\u00fcr ganz D\u00fcsseldorf und das D\u00fcsseldorfer Brauchtum geleistet.<\/p>\n<p>Trotz seiner anspruchsvollen beruflichen T\u00e4tigkeit gelang es dem diplomierten Volkswirt, sich sozial, kulturell und sportlich im Ehrenamt zu engagieren.<\/p>\n<p>So ist Rattenhuber stellvertretender Vorsitzender des kath. Gef\u00e4ngnisvereins D\u00fcsseldorf e.V. (hier k\u00fcmmert er sich um einsitzende Straft\u00e4ter und vor allem um deren Familien), stellvertretender Vorsitzender des Kuratoriums St. Hubertusstift, langj\u00e4hriges Mitglied des katholischen Kirchenvorstandes St. Bonifatius D\u00fcsseldorf und war \u00fcber viele Jahre Vorstandsmitglied des Katholikenrates D\u00fcsseldorf sowie fr\u00fcher auch im Stadtvorstand des BDKJ (Bund der Deutschen Katholischen Jugend D\u00fcsseldorf).<\/p>\n<p>Musikalischer \u201eAusgleich\u201c ist f\u00fcr ihn der Kirchenchor St. Martin, in dessen Bass er seit 50 Jahren singt.<\/p>\n<\/div>\n","protected":false},"excerpt":{"rendered":"<p>&nbsp; \u00a0ein echter &#8222;Bilker Jong&#8220; Am 4. Juli 1946 erblickte der diesj\u00e4hrige Preistr\u00e4ger der Jakob-Faasen-Plakette das Licht der Welt. 1974 wurde geheiratet, zwei Kinder und<span class=\"more-link\"><a href=\"https:\/\/www.schuetzen-bilk.de\/index.php\/helmut-rattenhuber\/\">Mehr&#8230;<\/a><\/span><\/p>\n","protected":false},"author":1,"featured_media":0,"parent":0,"menu_order":0,"comment_status":"closed","ping_status":"closed","template":"","meta":{"footnotes":""},"class_list":["entry","author-sebastian-thoene","post-787","page","type-page","status-publish"],"_links":{"self":[{"href":"https:\/\/www.schuetzen-bilk.de\/index.php\/wp-json\/wp\/v2\/pages\/787","targetHints":{"allow":["GET"]}}],"collection":[{"href":"https:\/\/www.schuetzen-bilk.de\/index.php\/wp-json\/wp\/v2\/pages"}],"about":[{"href":"https:\/\/www.schuetzen-bilk.de\/index.php\/wp-json\/wp\/v2\/types\/page"}],"author":[{"embeddable":true,"href":"https:\/\/www.schuetzen-bilk.de\/index.php\/wp-json\/wp\/v2\/users\/1"}],"replies":[{"embeddable":true,"href":"https:\/\/www.schuetzen-bilk.de\/index.php\/wp-json\/wp\/v2\/comments?post=787"}],"version-history":[{"count":0,"href":"https:\/\/www.schuetzen-bilk.de\/index.php\/wp-json\/wp\/v2\/pages\/787\/revisions"}],"wp:attachment":[{"href":"https:\/\/www.schuetzen-bilk.de\/index.php\/wp-json\/wp\/v2\/media?parent=787"}],"curies":[{"name":"wp","href":"https:\/\/api.w.org\/{rel}","templated":true}]}}