{"id":779,"date":"2016-10-21T21:28:40","date_gmt":"2016-10-21T19:28:40","guid":{"rendered":"http:\/\/www.xn--schtzen-bilk-flb.de\/?page_id=779"},"modified":"2016-10-21T21:28:40","modified_gmt":"2016-10-21T19:28:40","slug":"peter-justenhoven","status":"publish","type":"page","link":"https:\/\/www.schuetzen-bilk.de\/index.php\/peter-justenhoven\/","title":{"rendered":"Preistr\u00e4ger 2010 Peter Justenhoven"},"content":{"rendered":"<p>Erster Tr\u00e4ger dieser hohen Auszeichnung, war der Ehrenchef der Derendorfer Sch\u00fctzen und Ehrenchef der IGDS, Herr <a class=\"txtli\" href=\"http:\/\/schuetzen-bilk.de\/sb\/A_1033,999,0,001,0,0,0,0_forward.html\">Peter Justenhoven<\/a><\/p>\n<hr class=\"uk-article-divider\" \/>\n<p><!-- Plugins: AfterDisplayTitle --> <!-- K2 Plugins: K2AfterDisplayTitle --><\/p>\n<div class=\"itemBody\">\n<p><!-- Plugins: BeforeDisplayContent --> <!-- K2 Plugins: K2BeforeDisplayContent --> <!-- Item Image --><\/p>\n<div class=\"itemImageBlock uk-text-center\">\n<p><a class=\"uk-thumbnail uk-overlay\" href=\"http:\/\/schuetzen-bilk.de\/media\/k2\/items\/src\/ee68a9df1200997b07be8fb0bbdb9f29.jpg\" data-uk-lightbox=\"\"><img decoding=\"async\" class=\"uk-thumbnail-large\" src=\"http:\/\/schuetzen-bilk.de\/media\/k2\/items\/cache\/ee68a9df1200997b07be8fb0bbdb9f29_XL.jpg\" alt=\"Peter Justenhoven\" \/><\/a><\/p>\n<div class=\"uk-overlay-area\"><\/div>\n<div class=\"clr\"><\/div>\n<\/div>\n<p><!-- Item fulltext --><\/p>\n<div class=\"itemFullText\">\n<p><strong>Mit Heinrich Heine hat er etwas gemeinsam: Beide sind an einem 13. Dezember geboren.<\/strong><\/p>\n<p>Peter Justenhoven, 66 Jahre alt, war zehn Jahre lang Vorsitzender der Interessengemeinschaft D\u00fcsseldorfer Sch\u00fctzenvereine (IGDS) und damit h\u00f6chster Repr\u00e4sentant der Sch\u00fctzen in D\u00fcsseldorf und Umgebung. Auf der Jahreshauptversammlung im M\u00e4rz 2010 stellte er sich nicht mehr zur Wiederwahl (\u201aum das Amt in andere H\u00e4nde zu geben\u2018) und wurde zum Ehrenvorsitzenden ernannt. Bevor er Vorsitzender der IGDS wurde, hatte er lange Jahre den St. Sebastianus Sch\u00fctzenverein Derendorf 1655 als Vorsitzender gef\u00fchrt (1982 -1998). Schon 1947 trat er als Page den Derendorfer Sch\u00fctzen bei und war seither in vielen ehrenamtlichen Funktio\u00acnen in diesem Verein t\u00e4tig. Peter Justenhoven ist auch Mitglied der D\u00fcsseldorfer Jonges.<\/p>\n<p>Seine berufliche Ausbildung zum Bankkaufmann begann Peter Justenhoven am 1. April 1961 bei der Kreissparkasse D\u00fcsseldorf, zu einer Zeit also, als Jakob Faasen Vorstandsmitglied der Kreissparkasse war. Er f\u00f6rderte ihn auch in allen beruflichen Belangen. Nach Abschlus seiner Ausbildung arbeitete er in der betriebswirtschaftlichen Abteilung, bevor er die Fachpr\u00fcfung zum Sparkassenbetriebswirt ablegte (1968). Nach einer kurzen \u201aStippvisite\u2018 in der Innenrevision kam er schlie\u00dflich in den Zentralbereich Betriebswirtschaft (1969). Bis zu seinem Ausscheiden aus dem aktiven Berufsleben im Jahr 2004 leitete er viele Jahre diesen Bereich in der Kreissparkasse D\u00fcsseldorf. Dar\u00fcber hinaus war er in vielen Gremien der Sparkasse vertreten.<\/p>\n<\/div>\n<\/div>\n","protected":false},"excerpt":{"rendered":"<p>Erster Tr\u00e4ger dieser hohen Auszeichnung, war der Ehrenchef der Derendorfer Sch\u00fctzen und Ehrenchef der IGDS, Herr Peter Justenhoven Mit Heinrich Heine hat er etwas gemeinsam:<span class=\"more-link\"><a href=\"https:\/\/www.schuetzen-bilk.de\/index.php\/peter-justenhoven\/\">Mehr&#8230;<\/a><\/span><\/p>\n","protected":false},"author":1,"featured_media":0,"parent":0,"menu_order":0,"comment_status":"closed","ping_status":"closed","template":"","meta":{"footnotes":""},"class_list":["entry","author-sebastian-thoene","post-779","page","type-page","status-publish"],"_links":{"self":[{"href":"https:\/\/www.schuetzen-bilk.de\/index.php\/wp-json\/wp\/v2\/pages\/779","targetHints":{"allow":["GET"]}}],"collection":[{"href":"https:\/\/www.schuetzen-bilk.de\/index.php\/wp-json\/wp\/v2\/pages"}],"about":[{"href":"https:\/\/www.schuetzen-bilk.de\/index.php\/wp-json\/wp\/v2\/types\/page"}],"author":[{"embeddable":true,"href":"https:\/\/www.schuetzen-bilk.de\/index.php\/wp-json\/wp\/v2\/users\/1"}],"replies":[{"embeddable":true,"href":"https:\/\/www.schuetzen-bilk.de\/index.php\/wp-json\/wp\/v2\/comments?post=779"}],"version-history":[{"count":0,"href":"https:\/\/www.schuetzen-bilk.de\/index.php\/wp-json\/wp\/v2\/pages\/779\/revisions"}],"wp:attachment":[{"href":"https:\/\/www.schuetzen-bilk.de\/index.php\/wp-json\/wp\/v2\/media?parent=779"}],"curies":[{"name":"wp","href":"https:\/\/api.w.org\/{rel}","templated":true}]}}