{"id":670,"date":"2016-10-21T14:28:17","date_gmt":"2016-10-21T12:28:17","guid":{"rendered":"http:\/\/www.xn--schtzen-bilk-flb.de\/?page_id=670"},"modified":"2024-01-21T14:39:44","modified_gmt":"2024-01-21T13:39:44","slug":"der-verein","status":"publish","type":"page","link":"https:\/\/www.schuetzen-bilk.de\/index.php\/der-verein\/","title":{"rendered":"Der Verein"},"content":{"rendered":"<div class=\"wp-block-image\">\n<figure class=\"alignleft\"><img loading=\"lazy\" decoding=\"async\" width=\"300\" height=\"300\" src=\"https:\/\/www.schuetzen-bilk.de\/wp-content\/uploads\/2019\/03\/Wappen_Zielscheibe_05_2018-1-300x300.png\" alt=\"\" class=\"wp-image-5386\" srcset=\"https:\/\/www.schuetzen-bilk.de\/wp-content\/uploads\/2019\/03\/Wappen_Zielscheibe_05_2018-1-300x300.png 300w, https:\/\/www.schuetzen-bilk.de\/wp-content\/uploads\/2019\/03\/Wappen_Zielscheibe_05_2018-1-1024x1024.png 1024w, https:\/\/www.schuetzen-bilk.de\/wp-content\/uploads\/2019\/03\/Wappen_Zielscheibe_05_2018-1-150x150.png 150w, https:\/\/www.schuetzen-bilk.de\/wp-content\/uploads\/2019\/03\/Wappen_Zielscheibe_05_2018-1-768x768.png 768w, https:\/\/www.schuetzen-bilk.de\/wp-content\/uploads\/2019\/03\/Wappen_Zielscheibe_05_2018-1.png 1500w\" sizes=\"auto, (max-width: 300px) 100vw, 300px\" \/><\/figure>\n<\/div>\n\n\n<p><!-- Item fulltext --><span style=\"font-size: 14pt;\">Der Bilker Sch\u00fctzenverein wurde zu einer Zeit gegr\u00fcndet&nbsp;als Bilk noch ein winziges Dorf war und&nbsp;vorwiegend Landwirtschaft betrieben wurde. Es herrschte bittere Armut, es gab noch Frondienste (Sklaven f\u00fcr die Feldarbeit), Seuchen wie Cholera und Pest \u00fcberzogen das Land. Das benachbarte D\u00fcsseldorf hatte zu der Zeit keine eigene Kirche, deshalb war Bilk Kirchort f\u00fcr D\u00fcsseldorf: die dort ans\u00e4ssigen Menschen mussten&nbsp;stets nach Bilk um zur Kirche zu gehen. Nicht ungef\u00e4hrlich: die Kirchg\u00e4nger mussten den ber\u00fchmt ber\u00fcchtigten &#8222;Bilker Busch&#8220; passieren. Ein St\u00fcck un\u00fcbersichtliches und&nbsp;unwegsames Gel\u00e4nde wo sie oft \u00fcberfallen und ausgepl\u00fcndert wurden. &nbsp;(Der Bilker Busch befand sich in etwa dort, wo sich heute Bilker Allee und Friedrich-, \/ Elisabethstra\u00dfe kreuzen)<\/span><\/p>\n\n\n\n<div class=\"itemFullText\">\n<div class=\"itemFullText\">\n<p><span style=\"font-size: 14pt;\">Eine ohnehin unsichere und kriegerische Zeit. Nicht nur feindliche Heere sondern auch Raubritter und Pl\u00fcnderer bedrohten die kleine Ortschaft. Bilk hatte um 1430 ungef\u00e4hr 230 Einwohner woraus sich der Not zum Trotze wohl zuerst eine Bruderschaft bildetet, Vorl\u00e4ufer des heutigen Sch\u00fctzenvereins.<\/span><br \/><span style=\"font-size: 14pt;\">Ziel der damaligen Bruderschaften war es eine Solidargemeinschaft zu bilden und f\u00fcreinander zu sorgen, angefangen von der Notgemeinschaft bis hin zum Begr\u00e4bnis, das war keine Normalit\u00e4t in jener Zeit. Ebenso standen der Schutz der Heimat und der Familien im Vordergrund.<\/span><\/p>\n<p><span style=\"font-size: 14pt;\">In einer Zeit die kaum noch Vorbilder hervorbringt, Anstand und Grundwerte teilweise abgeschafft scheinen, wird sichtbar das es ohne Grundwerte nicht geht. In Zeiten leerer Kassen ruft der Staat laut nach Mitverantwortung von B\u00fcrgern und Vereinen. Dieser Mitverantwortung war man sich bei den Sch\u00fctzen immer schon bewusst, soziales Tun, Jugendarbeit, Altenpflege oder Spenden geh\u00f6ren bei den Bilker Sch\u00fctzen zur Normalit\u00e4t und werden seit Urzeiten praktiziert.<\/span><\/p>\n<\/div>\n<\/div>\n","protected":false},"excerpt":{"rendered":"<p>Der Bilker Sch\u00fctzenverein wurde zu einer Zeit gegr\u00fcndet&nbsp;als Bilk noch ein winziges Dorf war und&nbsp;vorwiegend Landwirtschaft betrieben wurde. Es herrschte bittere Armut, es gab noch<span class=\"more-link\"><a href=\"https:\/\/www.schuetzen-bilk.de\/index.php\/der-verein\/\">Mehr&#8230;<\/a><\/span><\/p>\n","protected":false},"author":1,"featured_media":0,"parent":0,"menu_order":0,"comment_status":"closed","ping_status":"closed","template":"","meta":{"footnotes":""},"class_list":["entry","author-sebastian-thoene","post-670","page","type-page","status-publish"],"_links":{"self":[{"href":"https:\/\/www.schuetzen-bilk.de\/index.php\/wp-json\/wp\/v2\/pages\/670","targetHints":{"allow":["GET"]}}],"collection":[{"href":"https:\/\/www.schuetzen-bilk.de\/index.php\/wp-json\/wp\/v2\/pages"}],"about":[{"href":"https:\/\/www.schuetzen-bilk.de\/index.php\/wp-json\/wp\/v2\/types\/page"}],"author":[{"embeddable":true,"href":"https:\/\/www.schuetzen-bilk.de\/index.php\/wp-json\/wp\/v2\/users\/1"}],"replies":[{"embeddable":true,"href":"https:\/\/www.schuetzen-bilk.de\/index.php\/wp-json\/wp\/v2\/comments?post=670"}],"version-history":[{"count":9,"href":"https:\/\/www.schuetzen-bilk.de\/index.php\/wp-json\/wp\/v2\/pages\/670\/revisions"}],"predecessor-version":[{"id":8116,"href":"https:\/\/www.schuetzen-bilk.de\/index.php\/wp-json\/wp\/v2\/pages\/670\/revisions\/8116"}],"wp:attachment":[{"href":"https:\/\/www.schuetzen-bilk.de\/index.php\/wp-json\/wp\/v2\/media?parent=670"}],"curies":[{"name":"wp","href":"https:\/\/api.w.org\/{rel}","templated":true}]}}