{"id":6471,"date":"2019-12-20T18:56:07","date_gmt":"2019-12-20T17:56:07","guid":{"rendered":"https:\/\/www.schuetzen-bilk.de\/?page_id=6471"},"modified":"2020-06-16T16:41:33","modified_gmt":"2020-06-16T14:41:33","slug":"mitmachen","status":"publish","type":"page","link":"https:\/\/www.schuetzen-bilk.de\/index.php\/mitmachen\/","title":{"rendered":"Mitmachen?"},"content":{"rendered":"<p><span style=\"font-size: 14pt;\"><strong>Aktiv?<\/strong><\/span><br \/>\nFreude am Brauchtum, Sportschie\u00dfen, Reiten und Musik sind vielf\u00e4ltige M\u00f6glichkeiten um sich in unserem Verein aktiv zu bet\u00e4tigen.<br \/>\nWenn sie Fragen zur aktiven Mitgliedschaft haben nur zu, nehmen sie einfach\u00a0<span style=\"color: #000000;\"><strong><a style=\"color: #000000;\" href=\"https:\/\/www.schuetzen-bilk.de\/index.php\/kontakt\/\">Kontakt<\/a><\/strong><\/span> mit uns auf.<\/p>\n<p><span style=\"font-size: 14pt;\"><strong>Unterst\u00fctzen?<\/strong><\/span><br \/>\nEs muss ja nicht immer direkt aktiv sein. Auch bei der Unterst\u00fctzung bieten wir vielf\u00e4ltige M\u00f6glichkeiten.<br \/>\nSie wollen einfach nur den Verein F\u00f6rdern ohne aktiv in einer Kompanie Mitglied werden zu wollen. Wollen aber trotzdem &#8222;dazu geh\u00f6ren&#8220;. Werden Sie einfach F\u00f6rdermitglied des Regiments. Neben der Sch\u00fctzenzeitung, Einladungen zu unserem Sch\u00fctzenfest und Kr\u00f6nungsball erhalten Sie nat\u00fcrlich auch Zugang zu unserem Mitgliederbereich.<br \/>\nWenn Sie direkt F\u00f6rdermitglied werden wollen, nutzen Sie einfach das Formular <span style=\"color: #000000;\"><strong><a style=\"color: #000000;\" href=\"https:\/\/www.schuetzen-bilk.de\/wp-content\/uploads\/2019\/12\/Bilk-A4-Aufnahmeantrag-F\u00f6rdermitglied.pdf\">Aufnahmeantrag F\u00f6rdermitglied<\/a><\/strong><\/span>.<\/p>\n<p><span style=\"font-size: 14pt;\"><strong>Auch Unternehmen k\u00f6nnen unterst\u00fctzen!<\/strong><\/span><br \/>\nSie sind ein Unternehmen und sind der Meinung unserem Verein auch was gutes tun zu wollen. Kein Problem!<br \/>\nWenn Sie Interesse an einer Anzeige in unserer Sch\u00fctzenzeitung haben wollen. Nutzen Sie das Formular\u00a0 <a href=\"https:\/\/www.schuetzen-bilk.de\/wp-content\/uploads\/2020\/06\/Sch\u00fctzenzeitungBestellformular2020.pdf\"><span style=\"color: #000000;\"><strong>Sch\u00fctzenzeitungBestellformular2020<\/strong><\/span>.<\/a> Darauf finden Sie alle notwendigen Informationen.<br \/>\nBei Fragen zur Sch\u00fctzenzeitung nehmen Sie bitte Kontakt zu unserem\u00a0<span style=\"color: #000000;\"><strong><a style=\"color: #000000;\" href=\"https:\/\/www.schuetzen-bilk.de\/index.php\/kontaktformular-1-schriftfuehrer\/\">Schriftf\u00fchrer<\/a><\/strong><\/span> auf.<\/p>\n<p>Sollten Sie Interesse an einem <strong>Sponsorenpaket<\/strong> oder Fragen dazu haben, melden Sie sich bei unserem <span style=\"color: #000000;\"><strong><a style=\"color: #000000;\" href=\"https:\/\/www.schuetzen-bilk.de\/index.php\/kontaktformular-1-chef\/\">Chef<\/a> <\/strong><\/span>oder\u00a0<span style=\"color: #000000;\"><strong><a style=\"color: #000000;\" href=\"https:\/\/www.schuetzen-bilk.de\/index.php\/kontaktformular-1-kassierer\/\">Kassierer<\/a><\/strong><\/span>.<\/p>\n<p><strong><span style=\"font-size: 14pt;\">Sie selber sind noch unschl\u00fcssig, aber Ihre Kinder w\u00fcrden gerne mitmachen?<\/span><br \/>\n<\/strong>Auch f\u00fcr Kinder und Jugendliche bieten wir viele M\u00f6glichkeiten. Hier wenden Sie sich an unseren\u00a0<span style=\"color: #000000;\"><strong><a style=\"color: #000000;\" href=\"https:\/\/www.schuetzen-bilk.de\/index.php\/kontaktformular-jugendwart\/\">Jugendwart<\/a><\/strong><\/span> , der Sie gerne mit alle weiteren Informationen versorgt.<\/p>\n<p>&nbsp;<\/p>\n<p>&nbsp;<\/p>\n<p>&nbsp;<\/p>\n<p>&nbsp;<\/p>\n<p>&nbsp;<\/p>\n","protected":false},"excerpt":{"rendered":"<p>Aktiv? Freude am Brauchtum, Sportschie\u00dfen, Reiten und Musik sind vielf\u00e4ltige M\u00f6glichkeiten um sich in unserem Verein aktiv zu bet\u00e4tigen. Wenn sie Fragen zur aktiven Mitgliedschaft<span class=\"more-link\"><a href=\"https:\/\/www.schuetzen-bilk.de\/index.php\/mitmachen\/\">Mehr&#8230;<\/a><\/span><\/p>\n","protected":false},"author":3,"featured_media":0,"parent":0,"menu_order":0,"comment_status":"closed","ping_status":"closed","template":"","meta":{"footnotes":""},"class_list":["entry","author-bernd-obermeyer","post-6471","page","type-page","status-publish"],"_links":{"self":[{"href":"https:\/\/www.schuetzen-bilk.de\/index.php\/wp-json\/wp\/v2\/pages\/6471","targetHints":{"allow":["GET"]}}],"collection":[{"href":"https:\/\/www.schuetzen-bilk.de\/index.php\/wp-json\/wp\/v2\/pages"}],"about":[{"href":"https:\/\/www.schuetzen-bilk.de\/index.php\/wp-json\/wp\/v2\/types\/page"}],"author":[{"embeddable":true,"href":"https:\/\/www.schuetzen-bilk.de\/index.php\/wp-json\/wp\/v2\/users\/3"}],"replies":[{"embeddable":true,"href":"https:\/\/www.schuetzen-bilk.de\/index.php\/wp-json\/wp\/v2\/comments?post=6471"}],"version-history":[{"count":12,"href":"https:\/\/www.schuetzen-bilk.de\/index.php\/wp-json\/wp\/v2\/pages\/6471\/revisions"}],"predecessor-version":[{"id":6816,"href":"https:\/\/www.schuetzen-bilk.de\/index.php\/wp-json\/wp\/v2\/pages\/6471\/revisions\/6816"}],"wp:attachment":[{"href":"https:\/\/www.schuetzen-bilk.de\/index.php\/wp-json\/wp\/v2\/media?parent=6471"}],"curies":[{"name":"wp","href":"https:\/\/api.w.org\/{rel}","templated":true}]}}