{"id":647,"date":"2016-10-21T13:11:51","date_gmt":"2016-10-21T11:11:51","guid":{"rendered":"http:\/\/www.xn--schtzen-bilk-flb.de\/?page_id=647"},"modified":"2016-10-21T13:11:51","modified_gmt":"2016-10-21T11:11:51","slug":"jakob-fassen-plakette","status":"publish","type":"page","link":"https:\/\/www.schuetzen-bilk.de\/index.php\/jakob-fassen-plakette\/","title":{"rendered":"Jakob-Faasen-Plakette"},"content":{"rendered":"<p style=\"text-align: left;\">Der Vorstand des St. Sebastianus Sch\u00fctzenverein D\u00fcsseldorf Bilk e.V.1475 und die Kreissparkasse D\u00fcsseldorf&nbsp;zeichnen j\u00e4hrlich eine Pers\u00f6nlichkeit aus, die sich in besonderem Ma\u00dfe um das D\u00fcsseldorfer Brauchtum \/ dem Allgemeinwohl verdient gemacht hat.<\/p>\n<p style=\"text-align: center;\"><strong>Jakob-Faasen<\/strong><br \/>\n1903 in Bilk geboren, begann sein beruflicher Werdegang 1918 bei der Kreissparkasse D\u00fcsseldorf als der erste Lehrling \u00fcberhaupt,<br \/>\n<img loading=\"lazy\" decoding=\"async\" class=\"uk-thumbnail-large aligncenter\" src=\"http:\/\/schuetzen-bilk.de\/media\/k2\/items\/cache\/461011bcaf5b5e723e897c33f049f169_XL.jpg\" alt=\"Jakob Faasen\" width=\"251\" height=\"313\"><u> <\/u><\/p>\n<div class=\"uk-overlay-area\"><!-- Item fulltext -->den die Kreissparkasse in die Ausbildung genommen hat. Im Laufe der Jahre erarbeitete er sich die Position eines Sparkassendirektors und sein weiterer Weg f\u00fchrte ihn 1954 sogar in den Vorstand der Kreissparkasse. 1968 trat er dann nach 50 Arbeitsjahren in den wohl verdienten Ruhestand.<br \/>\nJakob Faasens Werdegang als Sch\u00fctze verlief nahezu parallel zu seinem beruflichen und war genauso erfolgreich wie dieser. 1926 fand er seinen Weg zu seinen Bilker Sch\u00fctzen und er trat in die Germania-Kompanie ein. Seine F\u00e4higkeiten erkannten seine Kameraden schon recht bald, jedoch war Jakob Faasen nicht bereit, in dieser politisch so radikalen Zeit ein Amt zu \u00fcbernehmen. 1946 stand er aber sofort zur Verf\u00fcgung, um in einem von der britischen Besatzungsbeh\u00f6rde geforderten politisch unbelasteten Vorstand bei einem Neuanfang mitzuwirken. Nach dem Tode des \u00e4u\u00dferst beliebten Chefs Wilhelm Schmitz, auch \u201aSchmitze Backes\u2018 genannt, w\u00e4hlte eine au\u00dferordentliche Generalversammlung im November 1952 Jakob Faasen nahezu einstimmig zum neuen 1. Chef. Dieses schwere Amt behielt er bis zu seinem altersbedingten R\u00fccktritt 1975. Danach ernannte ihn die Generalversammlung zum Bilker Ehrenchef.Schon bald nach seinem Eintritt in den Bilker Sch\u00fctzenvorstand \u00fcbernahm Jakob Faasen das Amt des stellvertretenden Vorsitzenden in der Interessensgemeinschaft D\u00fcsseldorfer Sch\u00fctzenvereine (IGDS) in der festen \u00dcberzeugung, dass ein Verein lediglich ein Zweig im Kranz der Heimatvereine sein kann und dass erst die Gemeinschaft den Fortbestand des Brauchtums unserer Heimatstadt sichert, egal ob \u201aWinter- oder Sommerbrauchtum\u2018. Somit war Jakob Faasen auch im Karneval zu Hause, beispielsweise im Ehrenrat des Karnevalsauschuss D\u00fcsseldorf, dem Vorg\u00e4nger des heutigen CC.<\/div>\n<div class=\"itemFullText\">\n<p>Quelle: <em>Quelle Kreissparkasse<\/em><\/p>\n<p>Die Preistr\u00e4ger<\/p>\n<table width=\"246\">\n<tbody>\n<tr>\n<td width=\"80\">2010<\/td>\n<td width=\"80\"><a href=\"http:\/\/www.schuetzen-bilk.de\/index.php\/peter-justenhoven\/\">Peter&nbsp;<\/a><\/td>\n<td width=\"86\">Justenhoven<\/td>\n<\/tr>\n<tr>\n<td>2011<\/td>\n<td><a href=\"http:\/\/www.schuetzen-bilk.de\/index.php\/helmut-rattenhuber\/\">Helmut<\/a><\/td>\n<td>Rattenhuber<\/td>\n<\/tr>\n<tr>\n<td>2012<\/td>\n<td><a href=\"http:\/\/www.schuetzen-bilk.de\/index.php\/preistraegerin-marlies-smeets\/\">Marlies&nbsp;<\/a><\/td>\n<td>Smeets<\/td>\n<\/tr>\n<tr>\n<td>2013<\/td>\n<td><a href=\"http:\/\/www.schuetzen-bilk.de\/index.php\/preistraeger-2013-thomas-beckmann\/\">Thomas<\/a><\/td>\n<td>Beckmann<\/td>\n<\/tr>\n<tr>\n<td>2014<\/td>\n<td><a href=\"http:\/\/www.schuetzen-bilk.de\/index.php\/preistraeger-2014-heinrich-spohr\/\">Heinrich<\/a><\/td>\n<td>Spohr<\/td>\n<\/tr>\n<tr>\n<td>2015<\/td>\n<td><a href=\"http:\/\/www.schuetzen-bilk.de\/index.php\/preistraeger-2015-jaques-tilly\/\">Jaques<\/a><\/td>\n<td>Tilly<\/td>\n<\/tr>\n<tr>\n<td>2016<\/td>\n<td><a href=\"http:\/\/www.schuetzen-bilk.de\/index.php\/preistraeger-2016-pater-wolfgang\/\">Pater<\/a><\/td>\n<td>Wolfgang<\/td>\n<\/tr>\n<tr>\n<td>2017<\/td>\n<td><a href=\"http:\/\/www.schuetzen-bilk.de\/index.php\/preistraeger-erich-pliszka\/\">Erich&nbsp;<\/a><\/td>\n<td>Pliszka<\/td>\n<\/tr>\n<\/tbody>\n<\/table>\n<\/div>\n<div class=\"itemBody\">&nbsp;<\/div>\n","protected":false},"excerpt":{"rendered":"<p>Der Vorstand des St. Sebastianus Sch\u00fctzenverein D\u00fcsseldorf Bilk e.V.1475 und die Kreissparkasse D\u00fcsseldorf&nbsp;zeichnen j\u00e4hrlich eine Pers\u00f6nlichkeit aus, die sich in besonderem Ma\u00dfe um das D\u00fcsseldorfer<span class=\"more-link\"><a href=\"https:\/\/www.schuetzen-bilk.de\/index.php\/jakob-fassen-plakette\/\">Mehr&#8230;<\/a><\/span><\/p>\n","protected":false},"author":1,"featured_media":0,"parent":0,"menu_order":0,"comment_status":"closed","ping_status":"closed","template":"template-parts\/page-full-width.php","meta":{"footnotes":""},"class_list":["entry","author-sebastian-thoene","post-647","page","type-page","status-publish"],"_links":{"self":[{"href":"https:\/\/www.schuetzen-bilk.de\/index.php\/wp-json\/wp\/v2\/pages\/647","targetHints":{"allow":["GET"]}}],"collection":[{"href":"https:\/\/www.schuetzen-bilk.de\/index.php\/wp-json\/wp\/v2\/pages"}],"about":[{"href":"https:\/\/www.schuetzen-bilk.de\/index.php\/wp-json\/wp\/v2\/types\/page"}],"author":[{"embeddable":true,"href":"https:\/\/www.schuetzen-bilk.de\/index.php\/wp-json\/wp\/v2\/users\/1"}],"replies":[{"embeddable":true,"href":"https:\/\/www.schuetzen-bilk.de\/index.php\/wp-json\/wp\/v2\/comments?post=647"}],"version-history":[{"count":1,"href":"https:\/\/www.schuetzen-bilk.de\/index.php\/wp-json\/wp\/v2\/pages\/647\/revisions"}],"predecessor-version":[{"id":6531,"href":"https:\/\/www.schuetzen-bilk.de\/index.php\/wp-json\/wp\/v2\/pages\/647\/revisions\/6531"}],"wp:attachment":[{"href":"https:\/\/www.schuetzen-bilk.de\/index.php\/wp-json\/wp\/v2\/media?parent=647"}],"curies":[{"name":"wp","href":"https:\/\/api.w.org\/{rel}","templated":true}]}}