{"id":6293,"date":"2019-12-13T10:15:36","date_gmt":"2019-12-13T09:15:36","guid":{"rendered":"https:\/\/www.schuetzen-bilk.de\/?page_id=6293"},"modified":"2024-04-23T18:11:26","modified_gmt":"2024-04-23T16:11:26","slug":"gesellschaften","status":"publish","type":"page","link":"https:\/\/www.schuetzen-bilk.de\/index.php\/gesellschaften\/","title":{"rendered":"Gesellschaften"},"content":{"rendered":"\n<h2 class=\"wp-block-heading\">Grenadier-Bataillon<\/h2>\n\n\n\n<ul class=\"wp-block-list\">\n<li><a href=\"https:\/\/www.facebook.com\/germaniabilk\" target=\"_blank\" rel=\"noreferrer noopener\">Germania-Kompanie <\/a><\/li>\n\n\n\n<li>1. Grenadier Kompanie<\/li>\n\n\n\n<li>3. Grenadier Kompanie<\/li>\n\n\n\n<li>4. Grenadier Kompanie<\/li>\n\n\n\n<li>St. Martins-Kompanie<\/li>\n\n\n\n<li><a href=\"https:\/\/www.facebook.com\/tcb1911\" target=\"_blank\" rel=\"noreferrer noopener\">Tambourcorps St. Martin<\/a><\/li>\n<\/ul>\n\n\n\n<h2 class=\"wp-block-heading\">J\u00e4ger-Batallion<\/h2>\n\n\n\n<ul class=\"wp-block-list\">\n<li><a href=\"https:\/\/www.facebook.com\/FreischuetzBilk\" target=\"_blank\" rel=\"noreferrer noopener\">Freisch\u00fctz<\/a> (<a href=\"https:\/\/www.facebook.com\/Fanfarencorps.Bilk\" target=\"_blank\" rel=\"noreferrer noopener\">Fanfarencorps<\/a>)<\/li>\n\n\n\n<li><a href=\"https:\/\/www.facebook.com\/GardeJaeger\" target=\"_blank\" rel=\"noreferrer noopener\">Garde-J\u00e4ger<\/a><\/li>\n\n\n\n<li><a href=\"https:\/\/www.facebook.com\/HohenzollernBilk\" target=\"_blank\" rel=\"noreferrer noopener\">Hohenzollern<\/a><\/li>\n\n\n\n<li>Reserve Bilk<\/li>\n\n\n\n<li><a href=\"https:\/\/www.facebook.com\/Tell1883\" target=\"_blank\" rel=\"noreferrer noopener\">Tell-Kompanie<\/a><\/li>\n<\/ul>\n\n\n\n<h2 class=\"wp-block-heading\">Friedrichst\u00e4dter-Bataillon<\/h2>\n\n\n\n<ul class=\"wp-block-list\">\n<li>Antonius<\/li>\n\n\n\n<li><a href=\"https:\/\/www.facebook.com\/profile.php?id=100077079917896\" target=\"_blank\" rel=\"noreferrer noopener\">St. Seb. J\u00e4ger<\/a><\/li>\n\n\n\n<li><a href=\"https:\/\/www.facebook.com\/FR.BILK\" target=\"_blank\" rel=\"noreferrer noopener\">Friedrichst\u00e4dter Reserve<\/a><\/li>\n\n\n\n<li><a href=\"https:\/\/www.facebook.com\/SchillBilk1960\" target=\"_blank\" rel=\"noreferrer noopener\">Schill&#8217;sches Korps<\/a><\/li>\n<\/ul>\n\n\n\n<h2 class=\"wp-block-heading\">Sch\u00fctzen-Bataillon<\/h2>\n\n\n\n<ul class=\"wp-block-list\">\n<li><a href=\"https:\/\/www.facebook.com\/ahhj1925\" target=\"_blank\" rel=\"noreferrer noopener\">Andreas Hofer &#8211; Hubertus J\u00e4ger<\/a><\/li>\n\n\n\n<li><a href=\"https:\/\/www.facebook.com\/bilkerheimatfreunde\" target=\"_blank\" rel=\"noreferrer noopener\">Bilker Heimatfreunde<\/a><\/li>\n\n\n\n<li><a href=\"https:\/\/www.facebook.com\/1.GardeBilk\" target=\"_blank\" rel=\"noreferrer noopener\">1. Garde Sch\u00fctzen<\/a><\/li>\n\n\n\n<li><a href=\"https:\/\/www.facebook.com\/5.Schuetzen\" target=\"_blank\" rel=\"noreferrer noopener\">5. Sch\u00fctzen<\/a><\/li>\n\n\n\n<li><a href=\"https:\/\/www.facebook.com\/neustaedterreserve\" target=\"_blank\" rel=\"noreferrer noopener\">Neust\u00e4dter Reserve<\/a><\/li>\n<\/ul>\n","protected":false},"excerpt":{"rendered":"<p>Grenadier-Bataillon J\u00e4ger-Batallion Friedrichst\u00e4dter-Bataillon Sch\u00fctzen-Bataillon<span class=\"more-link\"><a href=\"https:\/\/www.schuetzen-bilk.de\/index.php\/gesellschaften\/\">Mehr&#8230;<\/a><\/span><\/p>\n","protected":false},"author":3,"featured_media":0,"parent":0,"menu_order":0,"comment_status":"closed","ping_status":"closed","template":"","meta":{"footnotes":""},"class_list":["entry","author-bernd-obermeyer","post-6293","page","type-page","status-publish"],"_links":{"self":[{"href":"https:\/\/www.schuetzen-bilk.de\/index.php\/wp-json\/wp\/v2\/pages\/6293","targetHints":{"allow":["GET"]}}],"collection":[{"href":"https:\/\/www.schuetzen-bilk.de\/index.php\/wp-json\/wp\/v2\/pages"}],"about":[{"href":"https:\/\/www.schuetzen-bilk.de\/index.php\/wp-json\/wp\/v2\/types\/page"}],"author":[{"embeddable":true,"href":"https:\/\/www.schuetzen-bilk.de\/index.php\/wp-json\/wp\/v2\/users\/3"}],"replies":[{"embeddable":true,"href":"https:\/\/www.schuetzen-bilk.de\/index.php\/wp-json\/wp\/v2\/comments?post=6293"}],"version-history":[{"count":25,"href":"https:\/\/www.schuetzen-bilk.de\/index.php\/wp-json\/wp\/v2\/pages\/6293\/revisions"}],"predecessor-version":[{"id":8188,"href":"https:\/\/www.schuetzen-bilk.de\/index.php\/wp-json\/wp\/v2\/pages\/6293\/revisions\/8188"}],"wp:attachment":[{"href":"https:\/\/www.schuetzen-bilk.de\/index.php\/wp-json\/wp\/v2\/media?parent=6293"}],"curies":[{"name":"wp","href":"https:\/\/api.w.org\/{rel}","templated":true}]}}