{"id":2936,"date":"2017-09-01T11:17:47","date_gmt":"2017-09-01T09:17:47","guid":{"rendered":"http:\/\/www.schuetzen-bilk.de\/?page_id=2936"},"modified":"2017-09-01T11:17:47","modified_gmt":"2017-09-01T09:17:47","slug":"preistraeger-erich-pliszka","status":"publish","type":"page","link":"https:\/\/www.schuetzen-bilk.de\/index.php\/preistraeger-erich-pliszka\/","title":{"rendered":"Preistr\u00e4ger 2017 Erich Pliszka"},"content":{"rendered":"<p><strong>Jakob-Faasen-Plakette 2017 f\u00fcr einen \u201aechten Bilker Jong\u2018<\/strong><\/p>\n<p><img loading=\"lazy\" decoding=\"async\" class=\"size-full wp-image-2931 aligncenter\" src=\"https:\/\/www.schuetzen-bilk.de\/wp-content\/uploads\/2017\/09\/erich_pliszka-1-1.jpg\" alt=\"\" width=\"143\" height=\"200\"><br \/>\nBilker Sch\u00fctzen und Kreissparkasse D\u00fcsseldorf belohnen Erich Pliszka f\u00fcr gesellschaftliches Engagement<br \/>\nJetzt ist es offiziell: Preistr\u00e4ger der Jakob-Faasen-Plakette wird in diesem Jahr Erich Pliszka. Der Ehrenpr\u00e4sident des \u201aHeimatverein Bilker Heimatfreunde e.V.\u2018 erh\u00e4lt die gemeinsame Auszeichnung der Bilker Sch\u00fctzen und der Kreissparkasse D\u00fcsseldorf &#8211; \u00fcbrigens eine der begehrtesten Auszeichnungen des Sommerbrauchtums &#8211; Ende September im Rahmen eines Festaktes der Bilker Sch\u00fctzen.<\/p>\n<p>Die Jakob-Faasen-Plakette wird allj\u00e4hrlich gemeinschaftlich vom Traditionsverein \u201eSt. Sebastianus Sch\u00fctzenverein D\u00fcsseldorf-Bilk von 1475\u201c (Bilker Sch\u00fctzen) und der Kreissparkasse D\u00fcsseldorf ver-liehen. Ausgezeichnet werden Personen, die sich in besonderem Ma\u00dfe f\u00fcr gesellschaftliche Belange in D\u00fcsseldorf und der Region eingesetzt haben: Pater Wolfgang, Marlies Smeets, Jacques Tilly, Heinrich Spohr, Thomas Beckmann, Helmut Rattenhuber und Peter Justenhoven. Erich Pliszka, der designierte Preistr\u00e4ger, wird f\u00fcr sein gro\u00dfes Engagement f\u00fcr den Stadtteil Bilk sowie f\u00fcr Pflege und Erhalt des dortigen Brauchtums ausgezeichnet.<\/p>\n<p>\u201eMenschen wie Erich Pliszka sind Pfeiler unserer Gesellschaft\u201c, begr\u00fcndet Michael Wei\u00dfer, Marktbe-reichsleiter der Kreissparkasse D\u00fcsseldorf, die Wahl des diesj\u00e4hrigen Preistr\u00e4gers. \u201eWenn man bedenkt, was er neben Familie und Beruf f\u00fcr die Allgemeinheit geleistet hat, fragt man sich direkt, wie er das \u00fcberhaupt alles geschafft hat!\u201c Die Liste der Ehren\u00e4mter ist lang: Seit seinem Eintritt in die Bilker Hei-matfreunde im Jahr 1987 bekleidete Pliszka \u00c4mter wie das des Protokollf\u00fchrers, des stellvertretenden Gesch\u00e4ftsf\u00fchrers, des Vizepr\u00e4sidenten und des Pr\u00e4sidenten. Im M\u00e4rz 2017 \u00fcbergab der Preistr\u00e4ger sein Amt in j\u00fcngere H\u00e4nde und wurde als Dank f\u00fcr seine Leistungen von den Bilker Heimatfreunden zu deren Ehrenpr\u00e4sident bef\u00f6rdert.<\/p>\n<p>Dar\u00fcber hinaus ist Pliszka seit 1991 Mitglied der Martinsfreunde Bilk und sogar seit 2012 deren Ehrenvorstandsmitglied. In der Aktionsgemeinschaft D\u00fcsseldorfer Heimat- und B\u00fcrgervereine ist Erich Pliszka ebenfalls Mitglied des Vorstands, passives Mitglied in der 1. Garde Sch\u00fctzen und der Sch\u00fctzengesellschaft Bilker Heimatfreunde. Auch f\u00fcr das Wohl des Martinuskrankenhauses f\u00fchlt sich Erich Pliszka verpflichtet: So ist er Mitglied und Kassenpr\u00fcfer des Freundeskreises des St. Martinus-Krankenhauses sowie F\u00fcrsprecher der dortigen Patienten. In den 80er Jahren war Pliszka Mitglied des Pfarrgemeinderates der Pfarre St. Martin und Redaktionsmitglied des Pfarrbriefes. Weitere Auszeichnungen: Ehrenauszeichnung der Bezirksvertretung 03 (2015), Ehrenmitgliedschaft im Freundeskreis der Sangesfreunde D\u00fcsseldorf Bilk 1858.<\/p>\n<p><span style=\"font-size: 8pt;\">Text: Presseinformation der Kreissparkasse<\/span><\/p>\n<p><span style=\"font-size: 8pt;\">Bild: Heimatverein Bilker Heimatfreunde e.V.<\/span><\/p>\n","protected":false},"excerpt":{"rendered":"<p>Jakob-Faasen-Plakette 2017 f\u00fcr einen \u201aechten Bilker Jong\u2018 Bilker Sch\u00fctzen und Kreissparkasse D\u00fcsseldorf belohnen Erich Pliszka f\u00fcr gesellschaftliches Engagement Jetzt ist es offiziell: Preistr\u00e4ger der Jakob-Faasen-Plakette<span class=\"more-link\"><a href=\"https:\/\/www.schuetzen-bilk.de\/index.php\/preistraeger-erich-pliszka\/\">Mehr&#8230;<\/a><\/span><\/p>\n","protected":false},"author":1,"featured_media":0,"parent":0,"menu_order":0,"comment_status":"closed","ping_status":"closed","template":"","meta":{"footnotes":""},"class_list":["entry","author-sebastian-thoene","post-2936","page","type-page","status-publish"],"_links":{"self":[{"href":"https:\/\/www.schuetzen-bilk.de\/index.php\/wp-json\/wp\/v2\/pages\/2936","targetHints":{"allow":["GET"]}}],"collection":[{"href":"https:\/\/www.schuetzen-bilk.de\/index.php\/wp-json\/wp\/v2\/pages"}],"about":[{"href":"https:\/\/www.schuetzen-bilk.de\/index.php\/wp-json\/wp\/v2\/types\/page"}],"author":[{"embeddable":true,"href":"https:\/\/www.schuetzen-bilk.de\/index.php\/wp-json\/wp\/v2\/users\/1"}],"replies":[{"embeddable":true,"href":"https:\/\/www.schuetzen-bilk.de\/index.php\/wp-json\/wp\/v2\/comments?post=2936"}],"version-history":[{"count":0,"href":"https:\/\/www.schuetzen-bilk.de\/index.php\/wp-json\/wp\/v2\/pages\/2936\/revisions"}],"wp:attachment":[{"href":"https:\/\/www.schuetzen-bilk.de\/index.php\/wp-json\/wp\/v2\/media?parent=2936"}],"curies":[{"name":"wp","href":"https:\/\/api.w.org\/{rel}","templated":true}]}}