{"id":2238,"date":"2017-03-23T15:46:57","date_gmt":"2017-03-23T14:46:57","guid":{"rendered":"http:\/\/www.schuetzen-bilk.de\/?page_id=2238"},"modified":"2024-01-21T15:17:44","modified_gmt":"2024-01-21T14:17:44","slug":"zosamme-2","status":"publish","type":"page","link":"https:\/\/www.schuetzen-bilk.de\/index.php\/zosamme-2\/","title":{"rendered":"Zosamme"},"content":{"rendered":"<div class=\"wp-block-image\">\n<figure class=\"alignleft\"><img loading=\"lazy\" decoding=\"async\" width=\"225\" height=\"300\" src=\"https:\/\/www.schuetzen-bilk.de\/wp-content\/uploads\/2017\/03\/Zosamme_Z_3D_Druck-1-225x300.png\" alt=\"\" class=\"wp-image-2237\" srcset=\"https:\/\/www.schuetzen-bilk.de\/wp-content\/uploads\/2017\/03\/Zosamme_Z_3D_Druck-1-225x300.png 225w, https:\/\/www.schuetzen-bilk.de\/wp-content\/uploads\/2017\/03\/Zosamme_Z_3D_Druck-1.png 750w\" sizes=\"auto, (max-width: 225px) 100vw, 225px\" \/><\/figure>\n<\/div>\n\n\n<p><span style=\"font-size: 14pt; font-family: arial, helvetica, sans-serif;\">Sch\u00fctzen aber auch anderes Brauchtum werden in heutiger Zeit oftmals bel\u00e4chelt, als verstaubt und \u00fcberfl\u00fcssig abgetan. Dabei haben Sch\u00fctzenvereine ganz besonders heute noch ihre Berechtigung. Nicht nur, weil sie aus dem Mittelalter stammend das \u00e4lteste Netzwerk der Menschheit sind, so manches von dem, was in den Statuten der Vereine verankert ist, macht gerade heute wieder Sinn. <\/span><span style=\"font-size: 14pt; font-family: arial, helvetica, sans-serif;\">Dieses m\u00f6chte der St. Sebastianus Sch\u00fctzenverein D\u00fcsseldorf Bilk e.V. 1445 mit seinem neuen Marketing Konzept publik machen.<\/span><\/p>\n\n\n\n<p><span style=\"font-size: 14pt; font-family: arial, helvetica, sans-serif;\">\u201eVielfach wissen die Menschen um uns herum doch gar nicht was wir im Sch\u00fctzenverein f\u00fcr den Stadtteil und die Menschen leisten, welche Nachhaltigkeit sich hinter dem Begriff Sch\u00fctzenwesen verbirgt!\u201c so Ulrich M\u00fcller, erster Chef der Bilker Sch\u00fctzen.<\/span><\/p>\n\n\n\n<p><span style=\"font-size: 14pt; font-family: arial, helvetica, sans-serif;\">Der zweite Chef Michael Schwarz erg\u00e4nzt: \u201eWenn wir von Traditionen reden, kommt das bei vielen B\u00fcrgern als etwas ewig Gestriges an.<\/span><\/p>\n\n\n\n<p><span style=\"font-size: 14pt; font-family: arial, helvetica, sans-serif;\">Wir zeigen an Hand eines einzigen Begriffes, n\u00e4mlich dem Wort <img loading=\"lazy\" decoding=\"async\" class=\"alignnone wp-image-2220\" src=\"https:\/\/www.schuetzen-bilk.de\/wp-content\/uploads\/2017\/03\/zosamme_text-1.png\" alt=\"\" width=\"84\" height=\"12\"> welche Bedeutung, welche Wertvorstellungen, aber auch welche F\u00fclle von M\u00f6glichkeiten und Ideen im Sch\u00fctzendasein verborgen sind und unser Gesellschaft gut tun.<\/span><\/p>\n\n\n\n<p><span style=\"font-size: 14pt; font-family: arial, helvetica, sans-serif;\"><img loading=\"lazy\" decoding=\"async\" class=\"alignnone wp-image-2220\" src=\"https:\/\/www.schuetzen-bilk.de\/wp-content\/uploads\/2017\/03\/zosamme_text-1.png\" alt=\"\" width=\"84\" height=\"12\"> zeigt ein kleines St\u00fcck unserer Werte f\u00fcr die wir stehen. Wir haben dieses Wort welches f\u00fcr so vieles steht, aus unserem Denken und den Traditionen \u00fcbernommen und in die heutige Zeit, sprich in unser Marketingkonzept integriert.\u201c<\/span><\/p>\n\n\n\n<p><span style=\"font-size: 14pt; font-family: arial, helvetica, sans-serif;\"><img loading=\"lazy\" decoding=\"async\" class=\"alignnone wp-image-2220\" src=\"https:\/\/www.schuetzen-bilk.de\/wp-content\/uploads\/2017\/03\/zosamme_text-1.png\" alt=\"\" width=\"84\" height=\"12\"> (hochdeutsch: zusammen) ist von uns bewusst im D\u00fcsseldorfer Platt entstanden\u201c f\u00fchrt Sebastian Th\u00f6ne weiter aus. Er ist der Macher hinter den Kulissen, hat die beim Patentamt angemeldete Wort und Bildmarke in vielen Stunden erarbeitet.<\/span><\/p>\n\n\n\n<p><span style=\"font-size: 14pt; font-family: arial, helvetica, sans-serif;\">\u201eWir sind eine Solidargemeinschaft die sich gegenseitig Halt, Unterst\u00fctzung und Hilfe gibt, so wie es in unseren Statuten verankert ist. Die Version in D\u00fcsseldorfer Mundart haben wir gew\u00e4hlt um auch die Verbundenheit zur Heimat zum Ausdruck bringen!\u201c<\/span><\/p>\n\n\n\n<p><span style=\"font-size: 14pt; font-family: arial, helvetica, sans-serif;\"><img loading=\"lazy\" decoding=\"async\" class=\"alignnone wp-image-2220\" src=\"https:\/\/www.schuetzen-bilk.de\/wp-content\/uploads\/2017\/03\/zosamme_text-1.png\" alt=\"\" width=\"84\" height=\"12\"> steht f\u00fcr das Miteinander der Sch\u00fctzen, 16.000 in D\u00fcsseldorf aber auch europaweit, zosamme mit ihren Familien und Angeh\u00f6rigen.<\/span><\/p>\n\n\n\n<p><span style=\"font-size: 14pt; font-family: arial, helvetica, sans-serif;\"><img loading=\"lazy\" decoding=\"async\" class=\"alignnone wp-image-2220\" src=\"https:\/\/www.schuetzen-bilk.de\/wp-content\/uploads\/2017\/03\/zosamme_text-1.png\" alt=\"\" width=\"84\" height=\"12\"> steht auch f\u00fcr die Menschen um uns herum, insbesondere die Schw\u00e4cheren und Hilfsbed\u00fcrftigen denen wir als Sch\u00fctzen unseren Schutz und unsere Hilfe zugesagt haben.<\/span><\/p>\n\n\n\n<p><span style=\"font-size: 14pt; font-family: arial, helvetica, sans-serif;\"><img loading=\"lazy\" decoding=\"async\" class=\"alignnone wp-image-2220\" src=\"https:\/\/www.schuetzen-bilk.de\/wp-content\/uploads\/2017\/03\/zosamme_text-1.png\" alt=\"\" width=\"84\" height=\"12\"> dazu geh\u00f6ren unsere Nachbarn, die B\u00fcrger in unserem Stadtteil mit denen wir unseren Stadtteil schm\u00fccken um Sch\u00fctzenfest zu feiern. Umgekehrt setzen wir uns f\u00fcr die Belange des Stadtteils und der Menschen ein, betreiben Jugendarbeit genau wie Altenbetreuung.<img loading=\"lazy\" decoding=\"async\" class=\"alignnone wp-image-2220\" src=\"https:\/\/www.schuetzen-bilk.de\/wp-content\/uploads\/2017\/03\/zosamme_text-1.png\" alt=\"\" width=\"84\" height=\"12\"> &nbsp;nat\u00fcrlich geh\u00f6ren auch unsere Sponsoren dazu, ohne die ein Vereinswesen langsam undenkbar wird. Die organisatorischen aber auch finanziellen Anspr\u00fcche und Anforderungen sind in den letzten Jahren enorm gestiegen und werden langsam und \u00fcberschaubar.<\/span><\/p>\n\n\n\n<p><span style=\"font-size: 14pt; font-family: arial, helvetica, sans-serif;\"><strong><img loading=\"lazy\" decoding=\"async\" class=\"alignnone wp-image-2220\" src=\"https:\/\/www.schuetzen-bilk.de\/wp-content\/uploads\/2017\/03\/zosamme_text-1.png\" alt=\"\" width=\"84\" height=\"12\"> <\/strong>ist zugleich ein Weckruf in unsere Gesellschaft. Nur zosamme werden wir die Zukunft bew\u00e4ltigen k\u00f6nnen. Sch\u00fctzen haben sich in vielen Jahrhunderten niemals von politischen oder weltanschaulichen Str\u00f6mungen vereinnahmen lassen, sondern standen immer f\u00fcr Heimat und Menschlichkeit. Eben <img loading=\"lazy\" decoding=\"async\" class=\"alignnone wp-image-2220\" src=\"https:\/\/www.schuetzen-bilk.de\/wp-content\/uploads\/2017\/03\/zosamme_text-1.png\" alt=\"\" width=\"84\" height=\"12\"><\/span><\/p>\n\n\n\n<p><span style=\"font-size: 14pt; font-family: arial, helvetica, sans-serif;\"><strong>&nbsp;<\/strong><strong>Das Symbol des <img loading=\"lazy\" decoding=\"async\" class=\"alignnone wp-image-2220\" src=\"https:\/\/www.schuetzen-bilk.de\/wp-content\/uploads\/2017\/03\/zosamme_text-1.png\" alt=\"\" width=\"84\" height=\"12\"> <\/strong>&nbsp;wird sich in den n\u00e4chsten Monaten \u00fcberall wiederfinden, auf Plakaten oder Flyern, im Internet, auf Fotos sowie als Ansteckpin.<\/span><\/p>\n\n\n\n<p><span style=\"font-size: 14pt; font-family: arial, helvetica, sans-serif;\"><img loading=\"lazy\" decoding=\"async\" class=\"alignnone wp-image-2220\" src=\"https:\/\/www.schuetzen-bilk.de\/wp-content\/uploads\/2017\/03\/zosamme_text-1.png\" alt=\"\" width=\"84\" height=\"12\"> \u2013 ein Konzept nachhaltigen Denkens. Wir freuen uns das SIE dabei sind.<\/span><\/p>\n\n\n\n<p><span style=\"font-size: 14pt; font-family: arial, helvetica, sans-serif;\">&nbsp;<\/span><\/p>\n","protected":false},"excerpt":{"rendered":"<p>Sch\u00fctzen aber auch anderes Brauchtum werden in heutiger Zeit oftmals bel\u00e4chelt, als verstaubt und \u00fcberfl\u00fcssig abgetan. Dabei haben Sch\u00fctzenvereine ganz besonders heute noch ihre Berechtigung.<span class=\"more-link\"><a href=\"https:\/\/www.schuetzen-bilk.de\/index.php\/zosamme-2\/\">Mehr&#8230;<\/a><\/span><\/p>\n","protected":false},"author":1,"featured_media":0,"parent":0,"menu_order":0,"comment_status":"closed","ping_status":"closed","template":"","meta":{"footnotes":""},"class_list":["entry","author-sebastian-thoene","post-2238","page","type-page","status-publish"],"_links":{"self":[{"href":"https:\/\/www.schuetzen-bilk.de\/index.php\/wp-json\/wp\/v2\/pages\/2238","targetHints":{"allow":["GET"]}}],"collection":[{"href":"https:\/\/www.schuetzen-bilk.de\/index.php\/wp-json\/wp\/v2\/pages"}],"about":[{"href":"https:\/\/www.schuetzen-bilk.de\/index.php\/wp-json\/wp\/v2\/types\/page"}],"author":[{"embeddable":true,"href":"https:\/\/www.schuetzen-bilk.de\/index.php\/wp-json\/wp\/v2\/users\/1"}],"replies":[{"embeddable":true,"href":"https:\/\/www.schuetzen-bilk.de\/index.php\/wp-json\/wp\/v2\/comments?post=2238"}],"version-history":[{"count":6,"href":"https:\/\/www.schuetzen-bilk.de\/index.php\/wp-json\/wp\/v2\/pages\/2238\/revisions"}],"predecessor-version":[{"id":8121,"href":"https:\/\/www.schuetzen-bilk.de\/index.php\/wp-json\/wp\/v2\/pages\/2238\/revisions\/8121"}],"wp:attachment":[{"href":"https:\/\/www.schuetzen-bilk.de\/index.php\/wp-json\/wp\/v2\/media?parent=2238"}],"curies":[{"name":"wp","href":"https:\/\/api.w.org\/{rel}","templated":true}]}}