{"id":196,"date":"2016-07-06T11:44:17","date_gmt":"2016-07-06T09:44:17","guid":{"rendered":"http:\/\/www.xn--schtzen-bilk-flb.de\/?page_id=196"},"modified":"2026-04-23T16:49:25","modified_gmt":"2026-04-23T14:49:25","slug":"vorstand","status":"publish","type":"page","link":"https:\/\/www.schuetzen-bilk.de\/index.php\/vorstand\/","title":{"rendered":"Vorstand"},"content":{"rendered":"\n<div class=\"wp-block-columns is-layout-flex wp-container-core-columns-is-layout-9d6595d7 wp-block-columns-is-layout-flex\">\n<div class=\"wp-block-column is-layout-flow wp-block-column-is-layout-flow\"><div class=\"wp-block-image is-style-rounded\">\n<figure class=\"aligncenter size-full is-resized\"><img loading=\"lazy\" decoding=\"async\" width=\"200\" height=\"200\" src=\"https:\/\/www.schuetzen-bilk.de\/wp-content\/uploads\/2022\/09\/UliMueller-Klein-e1662703278563.jpg\" alt=\"\" class=\"wp-image-7631\" style=\"width:205px\" srcset=\"https:\/\/www.schuetzen-bilk.de\/wp-content\/uploads\/2022\/09\/UliMueller-Klein-e1662703278563.jpg 200w, https:\/\/www.schuetzen-bilk.de\/wp-content\/uploads\/2022\/09\/UliMueller-Klein-e1662703278563-150x150.jpg 150w\" sizes=\"auto, (max-width: 200px) 100vw, 200px\" \/><\/figure>\n<\/div>\n\n\n<h2 class=\"wp-block-heading has-text-align-center\">Ulrich M\u00fcller<\/h2>\n\n\n\n<p class=\"has-text-align-center\">1. Chef<\/p>\n<\/div>\n\n\n\n<div class=\"wp-block-column is-layout-flow wp-block-column-is-layout-flow\"><div class=\"wp-block-image is-style-rounded\">\n<figure class=\"aligncenter size-full is-resized\"><img loading=\"lazy\" decoding=\"async\" width=\"480\" height=\"479\" src=\"https:\/\/www.schuetzen-bilk.de\/wp-content\/uploads\/2022\/09\/RalfGendrung-Klein.jpg\" alt=\"\" class=\"wp-image-7628\" style=\"width:205px;height:auto\" srcset=\"https:\/\/www.schuetzen-bilk.de\/wp-content\/uploads\/2022\/09\/RalfGendrung-Klein.jpg 480w, https:\/\/www.schuetzen-bilk.de\/wp-content\/uploads\/2022\/09\/RalfGendrung-Klein-300x300.jpg 300w, https:\/\/www.schuetzen-bilk.de\/wp-content\/uploads\/2022\/09\/RalfGendrung-Klein-150x150.jpg 150w, https:\/\/www.schuetzen-bilk.de\/wp-content\/uploads\/2022\/09\/RalfGendrung-Klein-465x464.jpg 465w\" sizes=\"auto, (max-width: 480px) 100vw, 480px\" \/><\/figure>\n<\/div>\n\n\n<h2 class=\"wp-block-heading has-text-align-center\">Ralf Gendrung<\/h2>\n\n\n\n<p class=\"has-text-align-center\">2. Chef<\/p>\n<\/div>\n\n\n\n<div class=\"wp-block-column is-layout-flow wp-block-column-is-layout-flow\"><div class=\"wp-block-image is-style-rounded\">\n<figure class=\"aligncenter size-full is-resized\"><img loading=\"lazy\" decoding=\"async\" width=\"480\" height=\"482\" src=\"https:\/\/www.schuetzen-bilk.de\/wp-content\/uploads\/2022\/09\/BerndObermeyer.jpg\" alt=\"\" class=\"wp-image-7621\" style=\"width:205px;height:auto\" srcset=\"https:\/\/www.schuetzen-bilk.de\/wp-content\/uploads\/2022\/09\/BerndObermeyer.jpg 480w, https:\/\/www.schuetzen-bilk.de\/wp-content\/uploads\/2022\/09\/BerndObermeyer-300x300.jpg 300w, https:\/\/www.schuetzen-bilk.de\/wp-content\/uploads\/2022\/09\/BerndObermeyer-150x150.jpg 150w, https:\/\/www.schuetzen-bilk.de\/wp-content\/uploads\/2022\/09\/BerndObermeyer-465x467.jpg 465w\" sizes=\"auto, (max-width: 480px) 100vw, 480px\" \/><\/figure>\n<\/div>\n\n\n<h2 class=\"wp-block-heading has-text-align-center\">Bernd Obermeyer<\/h2>\n\n\n\n<p class=\"has-text-align-center\">1. Kassierer<\/p>\n<\/div>\n<\/div>\n\n\n\n<div class=\"wp-block-columns is-layout-flex wp-container-core-columns-is-layout-9d6595d7 wp-block-columns-is-layout-flex\">\n<div class=\"wp-block-column is-layout-flow wp-block-column-is-layout-flow\"><div class=\"wp-block-image is-style-rounded\">\n<figure class=\"aligncenter size-full is-resized\"><img loading=\"lazy\" decoding=\"async\" width=\"480\" height=\"483\" src=\"https:\/\/www.schuetzen-bilk.de\/wp-content\/uploads\/2022\/09\/TimWiatrowski-Klein.jpg\" alt=\"\" class=\"wp-image-7630\" style=\"width:205px\" srcset=\"https:\/\/www.schuetzen-bilk.de\/wp-content\/uploads\/2022\/09\/TimWiatrowski-Klein.jpg 480w, https:\/\/www.schuetzen-bilk.de\/wp-content\/uploads\/2022\/09\/TimWiatrowski-Klein-298x300.jpg 298w, https:\/\/www.schuetzen-bilk.de\/wp-content\/uploads\/2022\/09\/TimWiatrowski-Klein-150x150.jpg 150w, https:\/\/www.schuetzen-bilk.de\/wp-content\/uploads\/2022\/09\/TimWiatrowski-Klein-465x468.jpg 465w\" sizes=\"auto, (max-width: 480px) 100vw, 480px\" \/><\/figure>\n<\/div>\n\n\n<h2 class=\"wp-block-heading has-text-align-center\">Tim Wiatrowski<\/h2>\n\n\n\n<p class=\"has-text-align-center\">1. Schriftf\u00fchrer<\/p>\n<\/div>\n\n\n\n<div class=\"wp-block-column is-layout-flow wp-block-column-is-layout-flow\"><div class=\"wp-block-image is-style-rounded\">\n<figure class=\"aligncenter size-full is-resized\"><img loading=\"lazy\" decoding=\"async\" width=\"480\" height=\"479\" src=\"https:\/\/www.schuetzen-bilk.de\/wp-content\/uploads\/2022\/09\/GeorgPeltzer-Klein.jpg\" alt=\"\" class=\"wp-image-7623\" style=\"width:205px;height:auto\" srcset=\"https:\/\/www.schuetzen-bilk.de\/wp-content\/uploads\/2022\/09\/GeorgPeltzer-Klein.jpg 480w, https:\/\/www.schuetzen-bilk.de\/wp-content\/uploads\/2022\/09\/GeorgPeltzer-Klein-300x300.jpg 300w, https:\/\/www.schuetzen-bilk.de\/wp-content\/uploads\/2022\/09\/GeorgPeltzer-Klein-150x150.jpg 150w, https:\/\/www.schuetzen-bilk.de\/wp-content\/uploads\/2022\/09\/GeorgPeltzer-Klein-465x464.jpg 465w\" sizes=\"auto, (max-width: 480px) 100vw, 480px\" \/><\/figure>\n<\/div>\n\n\n<h2 class=\"wp-block-heading has-text-align-center\">Georg Pelzer<\/h2>\n\n\n\n<p class=\"has-text-align-center\">2. Kassierer<\/p>\n<\/div>\n\n\n\n<div class=\"wp-block-column is-layout-flow wp-block-column-is-layout-flow\"><div class=\"wp-block-image is-style-rounded\">\n<figure class=\"aligncenter size-full is-resized\"><img loading=\"lazy\" decoding=\"async\" width=\"480\" height=\"480\" src=\"https:\/\/www.schuetzen-bilk.de\/wp-content\/uploads\/2022\/09\/LutzWiatrowski-Klein.jpg\" alt=\"\" class=\"wp-image-7625\" style=\"width:205px;height:auto\" srcset=\"https:\/\/www.schuetzen-bilk.de\/wp-content\/uploads\/2022\/09\/LutzWiatrowski-Klein.jpg 480w, https:\/\/www.schuetzen-bilk.de\/wp-content\/uploads\/2022\/09\/LutzWiatrowski-Klein-300x300.jpg 300w, https:\/\/www.schuetzen-bilk.de\/wp-content\/uploads\/2022\/09\/LutzWiatrowski-Klein-150x150.jpg 150w, https:\/\/www.schuetzen-bilk.de\/wp-content\/uploads\/2022\/09\/LutzWiatrowski-Klein-465x465.jpg 465w\" sizes=\"auto, (max-width: 480px) 100vw, 480px\" \/><\/figure>\n<\/div>\n\n\n<h2 class=\"wp-block-heading has-text-align-center\">Lutz Wiatrowski<\/h2>\n\n\n\n<p class=\"has-text-align-center\">2. Schriftf\u00fchrer<\/p>\n<\/div>\n<\/div>\n\n\n\n<div class=\"wp-block-columns is-layout-flex wp-container-core-columns-is-layout-9d6595d7 wp-block-columns-is-layout-flex\">\n<div class=\"wp-block-column is-layout-flow wp-block-column-is-layout-flow\"><div class=\"wp-block-image is-style-rounded\">\n<figure class=\"aligncenter size-full is-resized\"><img loading=\"lazy\" decoding=\"async\" width=\"448\" height=\"425\" src=\"https:\/\/www.schuetzen-bilk.de\/wp-content\/uploads\/2023\/09\/MartinKramp-Klein-e1696007546170.jpg\" alt=\"\" class=\"wp-image-7985\" style=\"width:205px\" srcset=\"https:\/\/www.schuetzen-bilk.de\/wp-content\/uploads\/2023\/09\/MartinKramp-Klein-e1696007546170.jpg 448w, https:\/\/www.schuetzen-bilk.de\/wp-content\/uploads\/2023\/09\/MartinKramp-Klein-e1696007546170-300x285.jpg 300w\" sizes=\"auto, (max-width: 448px) 100vw, 448px\" \/><\/figure>\n<\/div>\n\n\n<h2 class=\"wp-block-heading has-text-align-center\">Martin Kramp<\/h2>\n\n\n\n<p class=\"has-text-align-center\">Schie\u00dfmeister<\/p>\n<\/div>\n\n\n\n<div class=\"wp-block-column is-layout-flow wp-block-column-is-layout-flow\"><div class=\"wp-block-image is-style-rounded\">\n<figure class=\"aligncenter size-full is-resized\"><img loading=\"lazy\" decoding=\"async\" width=\"480\" height=\"480\" src=\"https:\/\/www.schuetzen-bilk.de\/wp-content\/uploads\/2022\/09\/CarstenReuner.jpg\" alt=\"\" class=\"wp-image-7622\" style=\"width:205px;height:auto\" srcset=\"https:\/\/www.schuetzen-bilk.de\/wp-content\/uploads\/2022\/09\/CarstenReuner.jpg 480w, https:\/\/www.schuetzen-bilk.de\/wp-content\/uploads\/2022\/09\/CarstenReuner-300x300.jpg 300w, https:\/\/www.schuetzen-bilk.de\/wp-content\/uploads\/2022\/09\/CarstenReuner-150x150.jpg 150w, https:\/\/www.schuetzen-bilk.de\/wp-content\/uploads\/2022\/09\/CarstenReuner-465x465.jpg 465w\" sizes=\"auto, (max-width: 480px) 100vw, 480px\" \/><\/figure>\n<\/div>\n\n\n<h2 class=\"wp-block-heading has-text-align-center\">Carsten Reuner<\/h2>\n\n\n\n<p class=\"has-text-align-center\">Immobilienmanager<\/p>\n<\/div>\n\n\n\n<div class=\"wp-block-column is-layout-flow wp-block-column-is-layout-flow\"><div class=\"wp-block-image is-style-rounded\">\n<figure class=\"aligncenter size-full is-resized\"><img loading=\"lazy\" decoding=\"async\" width=\"520\" height=\"520\" src=\"https:\/\/www.schuetzen-bilk.de\/wp-content\/uploads\/2026\/04\/WhatsApp-Image-2026-03-18-at-21.08.21-scaled-e1776955726665.jpeg\" alt=\"\" class=\"wp-image-8557\" style=\"width:205px;height:auto\" srcset=\"https:\/\/www.schuetzen-bilk.de\/wp-content\/uploads\/2026\/04\/WhatsApp-Image-2026-03-18-at-21.08.21-scaled-e1776955726665.jpeg 520w, https:\/\/www.schuetzen-bilk.de\/wp-content\/uploads\/2026\/04\/WhatsApp-Image-2026-03-18-at-21.08.21-scaled-e1776955726665-300x300.jpeg 300w, https:\/\/www.schuetzen-bilk.de\/wp-content\/uploads\/2026\/04\/WhatsApp-Image-2026-03-18-at-21.08.21-scaled-e1776955726665-150x150.jpeg 150w, https:\/\/www.schuetzen-bilk.de\/wp-content\/uploads\/2026\/04\/WhatsApp-Image-2026-03-18-at-21.08.21-scaled-e1776955726665-465x465.jpeg 465w, https:\/\/www.schuetzen-bilk.de\/wp-content\/uploads\/2026\/04\/WhatsApp-Image-2026-03-18-at-21.08.21-scaled-e1776955726665-500x500.jpeg 500w\" sizes=\"auto, (max-width: 520px) 100vw, 520px\" \/><\/figure>\n<\/div>\n\n\n<h2 class=\"wp-block-heading has-text-align-center\">Udo Figge<\/h2>\n\n\n\n<p class=\"has-text-align-center\">Platzmeister<\/p>\n<\/div>\n<\/div>\n\n\n\n<div class=\"wp-block-columns is-layout-flex wp-container-core-columns-is-layout-9d6595d7 wp-block-columns-is-layout-flex\">\n<div class=\"wp-block-column is-layout-flow wp-block-column-is-layout-flow\"><div class=\"wp-block-image is-style-rounded\">\n<figure class=\"aligncenter size-full is-resized\"><img loading=\"lazy\" decoding=\"async\" width=\"407\" height=\"463\" src=\"https:\/\/www.schuetzen-bilk.de\/wp-content\/uploads\/2026\/03\/2f1e1bbf-ca59-4066-a585-048cbcf670fc-e1776954894464.jpg\" alt=\"\" class=\"wp-image-8530\" style=\"object-fit:cover;width:205px;height:205px\" srcset=\"https:\/\/www.schuetzen-bilk.de\/wp-content\/uploads\/2026\/03\/2f1e1bbf-ca59-4066-a585-048cbcf670fc-e1776954894464.jpg 407w, https:\/\/www.schuetzen-bilk.de\/wp-content\/uploads\/2026\/03\/2f1e1bbf-ca59-4066-a585-048cbcf670fc-e1776954894464-264x300.jpg 264w\" sizes=\"auto, (max-width: 407px) 100vw, 407px\" \/><\/figure>\n<\/div>\n\n\n<h2 class=\"wp-block-heading has-text-align-center\">Laura Breuer<\/h2>\n\n\n\n<p class=\"has-text-align-center\">Referent der Gesch\u00e4ftsf\u00fchrung<\/p>\n<\/div>\n\n\n\n<div class=\"wp-block-column is-layout-flow wp-block-column-is-layout-flow\"><div class=\"wp-block-image is-style-rounded\">\n<figure class=\"aligncenter size-full is-resized\"><img loading=\"lazy\" decoding=\"async\" width=\"339\" height=\"379\" src=\"https:\/\/www.schuetzen-bilk.de\/wp-content\/uploads\/2024\/01\/image-removebg-preview-2.jpg\" alt=\"\" class=\"wp-image-8138\" style=\"object-fit:cover;width:205px;height:205px\" srcset=\"https:\/\/www.schuetzen-bilk.de\/wp-content\/uploads\/2024\/01\/image-removebg-preview-2.jpg 339w, https:\/\/www.schuetzen-bilk.de\/wp-content\/uploads\/2024\/01\/image-removebg-preview-2-268x300.jpg 268w\" sizes=\"auto, (max-width: 339px) 100vw, 339px\" \/><\/figure>\n<\/div>\n\n\n<h2 class=\"wp-block-heading has-text-align-center\">Jim M\u00fcller<\/h2>\n\n\n\n<p class=\"has-text-align-center\">Jugendwart<\/p>\n<\/div>\n\n\n\n<div class=\"wp-block-column is-layout-flow wp-block-column-is-layout-flow\"><div class=\"wp-block-image is-style-rounded\">\n<figure class=\"aligncenter size-full is-resized\"><img loading=\"lazy\" decoding=\"async\" width=\"1200\" height=\"900\" src=\"https:\/\/www.schuetzen-bilk.de\/wp-content\/uploads\/2024\/06\/100-1.jpg\" alt=\"\" class=\"wp-image-8244\" style=\"object-fit:cover;width:205px;height:205px\" srcset=\"https:\/\/www.schuetzen-bilk.de\/wp-content\/uploads\/2024\/06\/100-1.jpg 1200w, https:\/\/www.schuetzen-bilk.de\/wp-content\/uploads\/2024\/06\/100-1-300x225.jpg 300w, https:\/\/www.schuetzen-bilk.de\/wp-content\/uploads\/2024\/06\/100-1-1024x768.jpg 1024w, https:\/\/www.schuetzen-bilk.de\/wp-content\/uploads\/2024\/06\/100-1-768x576.jpg 768w, https:\/\/www.schuetzen-bilk.de\/wp-content\/uploads\/2024\/06\/100-1-465x349.jpg 465w, https:\/\/www.schuetzen-bilk.de\/wp-content\/uploads\/2024\/06\/100-1-667x500.jpg 667w\" sizes=\"auto, (max-width: 1200px) 100vw, 1200px\" \/><\/figure>\n<\/div>\n\n\n<h2 class=\"wp-block-heading has-text-align-center\">Thomas Grohs<\/h2>\n\n\n\n<p class=\"has-text-align-center\">Pressesprecher<\/p>\n<\/div>\n<\/div>\n\n\n\n<div class=\"wp-block-columns is-layout-flex wp-container-core-columns-is-layout-9d6595d7 wp-block-columns-is-layout-flex\">\n<div class=\"wp-block-column is-layout-flow wp-block-column-is-layout-flow\"><div class=\"wp-block-image is-style-rounded\">\n<figure class=\"aligncenter size-full is-resized\"><img loading=\"lazy\" decoding=\"async\" width=\"690\" height=\"772\" src=\"https:\/\/www.schuetzen-bilk.de\/wp-content\/uploads\/2026\/04\/WhatsApp-Image-2026-03-18-at-21.08.20-scaled-e1776955463452.jpeg\" alt=\"\" class=\"wp-image-8554\" style=\"object-fit:cover;width:205px;height:205px\" srcset=\"https:\/\/www.schuetzen-bilk.de\/wp-content\/uploads\/2026\/04\/WhatsApp-Image-2026-03-18-at-21.08.20-scaled-e1776955463452.jpeg 690w, https:\/\/www.schuetzen-bilk.de\/wp-content\/uploads\/2026\/04\/WhatsApp-Image-2026-03-18-at-21.08.20-scaled-e1776955463452-268x300.jpeg 268w, https:\/\/www.schuetzen-bilk.de\/wp-content\/uploads\/2026\/04\/WhatsApp-Image-2026-03-18-at-21.08.20-scaled-e1776955463452-465x520.jpeg 465w, https:\/\/www.schuetzen-bilk.de\/wp-content\/uploads\/2026\/04\/WhatsApp-Image-2026-03-18-at-21.08.20-scaled-e1776955463452-447x500.jpeg 447w\" sizes=\"auto, (max-width: 690px) 100vw, 690px\" \/><\/figure>\n<\/div>\n\n\n<h2 class=\"wp-block-heading has-text-align-center\">Stephan Ambaum<\/h2>\n\n\n\n<p class=\"has-text-align-center\">Marketingbeauftragter<\/p>\n<\/div>\n\n\n\n<div class=\"wp-block-column is-layout-flow wp-block-column-is-layout-flow\"><div class=\"wp-block-image is-style-rounded\">\n<figure class=\"aligncenter size-full is-resized\"><img loading=\"lazy\" decoding=\"async\" width=\"186\" height=\"186\" src=\"https:\/\/www.schuetzen-bilk.de\/wp-content\/uploads\/2026\/04\/Titularfest2023AxelUebels-e1674410861400-edited.jpg\" alt=\"\" class=\"wp-image-8555\" style=\"object-fit:cover;width:205px;height:205px\" srcset=\"https:\/\/www.schuetzen-bilk.de\/wp-content\/uploads\/2026\/04\/Titularfest2023AxelUebels-e1674410861400-edited.jpg 186w, https:\/\/www.schuetzen-bilk.de\/wp-content\/uploads\/2026\/04\/Titularfest2023AxelUebels-e1674410861400-edited-150x150.jpg 150w\" sizes=\"auto, (max-width: 186px) 100vw, 186px\" \/><\/figure>\n<\/div>\n\n\n<h2 class=\"wp-block-heading has-text-align-center\">Axel Uebels<\/h2>\n\n\n\n<p class=\"has-text-align-center\">Oberst<\/p>\n<\/div>\n\n\n\n<div class=\"wp-block-column is-layout-flow wp-block-column-is-layout-flow\"><\/div>\n<\/div>\n","protected":false},"excerpt":{"rendered":"<p>Ulrich M\u00fcller 1. Chef Ralf Gendrung 2. Chef Bernd Obermeyer 1. Kassierer Tim Wiatrowski 1. Schriftf\u00fchrer Georg Pelzer 2. Kassierer Lutz Wiatrowski 2. Schriftf\u00fchrer Martin<span class=\"more-link\"><a href=\"https:\/\/www.schuetzen-bilk.de\/index.php\/vorstand\/\">Mehr&#8230;<\/a><\/span><\/p>\n","protected":false},"author":1,"featured_media":0,"parent":0,"menu_order":0,"comment_status":"closed","ping_status":"closed","template":"","meta":{"footnotes":""},"class_list":["entry","author-sebastian-thoene","post-196","page","type-page","status-publish"],"_links":{"self":[{"href":"https:\/\/www.schuetzen-bilk.de\/index.php\/wp-json\/wp\/v2\/pages\/196","targetHints":{"allow":["GET"]}}],"collection":[{"href":"https:\/\/www.schuetzen-bilk.de\/index.php\/wp-json\/wp\/v2\/pages"}],"about":[{"href":"https:\/\/www.schuetzen-bilk.de\/index.php\/wp-json\/wp\/v2\/types\/page"}],"author":[{"embeddable":true,"href":"https:\/\/www.schuetzen-bilk.de\/index.php\/wp-json\/wp\/v2\/users\/1"}],"replies":[{"embeddable":true,"href":"https:\/\/www.schuetzen-bilk.de\/index.php\/wp-json\/wp\/v2\/comments?post=196"}],"version-history":[{"count":28,"href":"https:\/\/www.schuetzen-bilk.de\/index.php\/wp-json\/wp\/v2\/pages\/196\/revisions"}],"predecessor-version":[{"id":8566,"href":"https:\/\/www.schuetzen-bilk.de\/index.php\/wp-json\/wp\/v2\/pages\/196\/revisions\/8566"}],"wp:attachment":[{"href":"https:\/\/www.schuetzen-bilk.de\/index.php\/wp-json\/wp\/v2\/media?parent=196"}],"curies":[{"name":"wp","href":"https:\/\/api.w.org\/{rel}","templated":true}]}}