{"id":1104,"date":"2016-11-25T16:37:29","date_gmt":"2016-11-25T15:37:29","guid":{"rendered":"http:\/\/www.xn--schtzen-bilk-flb.de\/?page_id=1104"},"modified":"2016-11-25T16:37:29","modified_gmt":"2016-11-25T15:37:29","slug":"die-geschichte-der-karl-rindlaub-kette","status":"publish","type":"page","link":"https:\/\/www.schuetzen-bilk.de\/index.php\/die-geschichte-der-karl-rindlaub-kette\/","title":{"rendered":"Die Geschichte der Karl-Rindlaub-Kette"},"content":{"rendered":"<p>Nach der Vereinsmeisterschaft ist dieser Wettkampf der zweitwichtigste&nbsp;Wettkampf f\u00fcr die Bilker Sch\u00fctzen im Sportschie\u00dfen. Bei diesem Wettkampf m\u00fcssen 15 Schuss Aufgelegt mit dem Luftgewehr abgegeben werden. Traditionsgem\u00e4\u00df findet dieses Schie\u00dfen immer 2-3 Wochen vor dem Bilker Sch\u00fctzenfest statt.<\/p>\n<p>Der Sieger ist dann f\u00fcr ein Jahr, Tr\u00e4ger der Karl-Rindlaub-Kette.<br \/>\nGestiftet hat diese Kette, der ehemalige Regimentsschie\u00dfmeister Karl-Rindlaub. Die Inschrift auf der R\u00fcckseite der Kette lautet:<\/p>\n<p style=\"text-align: center;\"><strong>Gewidmet vom Schie\u00dfmeister<\/strong><br \/>\n<strong> Karl Rindlaub<\/strong><br \/>\n<strong> Bilker Sch\u00fctzenk\u00f6nig 1963\/64<\/strong><br \/>\n<strong> zur Erinnerung an seine Mitgr\u00fcndung<\/strong><br \/>\n<strong> der Reserve-Bilk 1923<\/strong><\/p>\n<p style=\"text-align: center;\"><strong>Deutsche Meisterschaft 1969<\/strong><br \/>\n<strong> seines Sohnes J\u00fcrgen<\/strong><br \/>\n<strong> 60 Schu\u00df KK Olympisch Match 581 Ringe<\/strong><br \/>\n<strong> in Wiesbaden<\/strong><\/p>\n<p style=\"text-align: center;\"><strong>Gr\u00fcndung der Andreas-Hofer-Kompanie 1925<\/strong><br \/>\n<strong> durch seinen Vater Heinrich Rindlaub<\/strong><\/p>\n","protected":false},"excerpt":{"rendered":"<p>Nach der Vereinsmeisterschaft ist dieser Wettkampf der zweitwichtigste&nbsp;Wettkampf f\u00fcr die Bilker Sch\u00fctzen im Sportschie\u00dfen. Bei diesem Wettkampf m\u00fcssen 15 Schuss Aufgelegt mit dem Luftgewehr abgegeben<span class=\"more-link\"><a href=\"https:\/\/www.schuetzen-bilk.de\/index.php\/die-geschichte-der-karl-rindlaub-kette\/\">Mehr&#8230;<\/a><\/span><\/p>\n","protected":false},"author":1,"featured_media":0,"parent":0,"menu_order":0,"comment_status":"closed","ping_status":"closed","template":"","meta":{"footnotes":""},"class_list":["entry","author-sebastian-thoene","post-1104","page","type-page","status-publish"],"_links":{"self":[{"href":"https:\/\/www.schuetzen-bilk.de\/index.php\/wp-json\/wp\/v2\/pages\/1104","targetHints":{"allow":["GET"]}}],"collection":[{"href":"https:\/\/www.schuetzen-bilk.de\/index.php\/wp-json\/wp\/v2\/pages"}],"about":[{"href":"https:\/\/www.schuetzen-bilk.de\/index.php\/wp-json\/wp\/v2\/types\/page"}],"author":[{"embeddable":true,"href":"https:\/\/www.schuetzen-bilk.de\/index.php\/wp-json\/wp\/v2\/users\/1"}],"replies":[{"embeddable":true,"href":"https:\/\/www.schuetzen-bilk.de\/index.php\/wp-json\/wp\/v2\/comments?post=1104"}],"version-history":[{"count":0,"href":"https:\/\/www.schuetzen-bilk.de\/index.php\/wp-json\/wp\/v2\/pages\/1104\/revisions"}],"wp:attachment":[{"href":"https:\/\/www.schuetzen-bilk.de\/index.php\/wp-json\/wp\/v2\/media?parent=1104"}],"curies":[{"name":"wp","href":"https:\/\/api.w.org\/{rel}","templated":true}]}}